{"id":101,"date":"2017-10-26T15:46:07","date_gmt":"2017-10-26T13:46:07","guid":{"rendered":"https:\/\/www.garanceaudit.com\/?page_id=101"},"modified":"2017-12-04T12:34:32","modified_gmt":"2017-12-04T11:34:32","slug":"previsionnel-3c","status":"publish","type":"page","link":"https:\/\/www.garanceaudit.com\/en\/previsionnel-3c\/","title":{"rendered":"Pr\u00e9visionnel 3C"},"content":{"rendered":"<p>&nbsp;<\/p>\n<p>&nbsp;<\/p>\n<p>&nbsp;<\/p>\n<p>&nbsp;<\/p>\n<h2 style=\"text-align: center;\"><\/h2>\n<h2 style=\"text-align: center;\">Vos Besoins<\/h2>\n<p>&nbsp;<\/p>\n<p>&nbsp;<\/p>\n<ul>\n<li>Vous lancez une nouvelle activit\u00e9 ou ouvrez un nouveau point de vente, et souhaitez vous assurer de sa viabilit\u00e9<\/li>\n<li>Vous voulez rassurer vos partenaires financiers<\/li>\n<li>Vous voulez conna\u00eetre votre chiffre d\u2019affaires \u00ab point mort \u00bb, \u00e0 l\u2019ann\u00e9e, au mois, au jour le jour<\/li>\n<li>Vous voulez ma\u00eetriser vos charges fixes<\/li>\n<li>Vous cherchez \u00e0 impliquer vos salari\u00e9s dans la recherche d\u2019\u00e9conomies et de meilleure gestion<\/li>\n<\/ul>\n<h2 style=\"text-align: center;\">Garance Audit<br \/>\nvous propose<\/h2>\n<h3><strong>Concevoir<\/strong><\/h3>\n<ul>\n<li>La maquette de votre budget pr\u00e9visionnel<\/li>\n<li>Les hypoth\u00e8ses budg\u00e9taires<\/li>\n<\/ul>\n<h3>Actualiser<\/h3>\n<ul>\n<li>Tout au long de l&#8217;ann\u00e9e<\/li>\n<li>En tenant compte des \u00e9v\u00e9nements nouveaux<\/li>\n<\/ul>\n<h3>Mesurer les \u00e9carts<\/h3>\n<ul>\n<li>Connaitre r\u00e9guli\u00e8rement les d\u00e9passements budg\u00e9taires<\/li>\n<li>Prendre les mesures correctives avant toute forte d\u00e9gradation<\/li>\n<li>Clarifier des situations difficiles ou complexes<\/li>\n<li>Faciliter la prise de d\u00e9cision<\/li>\n<\/ul>\n<h2 style=\"text-align: center;\">Les avantages<\/h2>\n<p>&nbsp;<\/p>\n<p>&nbsp;<\/p>\n<ul>\n<li>Avoir une repr\u00e9sentation chiffr\u00e9e de son business plan<\/li>\n<li>R\u00e9duire les risques de \u00ab d\u00e9rapage \u00bb en cours d\u2019ann\u00e9e<\/li>\n<li>Impliquer ses salari\u00e9s<\/li>\n<li>Rassurer ses partenaires<\/li>\n<\/ul>\n<p>\t\t\t<a href=\"https:\/\/www.garanceaudit.com\/nous-contacter\/\" target=\"_self\" role=\"button\"><br \/>\n\t\t\t\t\t\t\tCONTACTEZ-NOUS POUR UNE PROPOSITION PERSONNALIS\u00c9E<br \/>\n\t\t\t\t\t<\/a><\/p>\n","protected":false},"excerpt":{"rendered":"<p>&nbsp; &nbsp; &nbsp; &nbsp; Vos Besoins &nbsp; &nbsp; Vous lancez une nouvelle activit\u00e9 ou ouvrez un nouveau point de vente, et souhaitez vous assurer de sa viabilit\u00e9 Vous voulez rassurer vos partenaires financiers Vous voulez conna\u00eetre votre chiffre d\u2019affaires \u00ab point mort \u00bb, \u00e0 l\u2019ann\u00e9e, au mois, au jour le jour Vous voulez ma\u00eetriser vos&hellip;<\/p>\n","protected":false},"author":2,"featured_media":0,"parent":0,"menu_order":0,"comment_status":"closed","ping_status":"closed","template":"","meta":[],"yoast_head":"<!-- This site is optimized with the Yoast SEO plugin v21.8 - https:\/\/yoast.com\/wordpress\/plugins\/seo\/ -->\n<title>Pr\u00e9visionnel 3C - Garance Audit<\/title>\n<meta name=\"robots\" content=\"index, follow, max-snippet:-1, max-image-preview:large, max-video-preview:-1\" \/>\n<link rel=\"canonical\" href=\"https:\/\/www.garanceaudit.com\/en\/previsionnel-3c\/\" \/>\n<meta property=\"og:locale\" content=\"en_US\" \/>\n<meta property=\"og:type\" content=\"article\" \/>\n<meta property=\"og:title\" content=\"Pr\u00e9visionnel 3C - Garance Audit\" \/>\n<meta property=\"og:description\" content=\"&nbsp; &nbsp; &nbsp; &nbsp; Vos Besoins &nbsp; &nbsp; Vous lancez une nouvelle activit\u00e9 ou ouvrez un nouveau point de vente, et souhaitez vous assurer de sa viabilit\u00e9 Vous voulez rassurer vos partenaires financiers Vous voulez conna\u00eetre votre chiffre d\u2019affaires \u00ab point mort \u00bb, \u00e0 l\u2019ann\u00e9e, au mois, au jour le jour Vous voulez ma\u00eetriser vos&hellip;\" \/>\n<meta property=\"og:url\" content=\"https:\/\/www.garanceaudit.com\/en\/previsionnel-3c\/\" \/>\n<meta property=\"og:site_name\" content=\"Garance Audit\" \/>\n<meta property=\"article:modified_time\" content=\"2017-12-04T11:34:32+00:00\" \/>\n<meta name=\"twitter:card\" content=\"summary_large_image\" \/>\n<meta name=\"twitter:label1\" content=\"Est. reading time\" \/>\n\t<meta name=\"twitter:data1\" content=\"1 minute\" \/>\n<script type=\"application\/ld+json\" class=\"yoast-schema-graph\">{\"@context\":\"https:\/\/schema.org\",\"@graph\":[{\"@type\":\"WebPage\",\"@id\":\"https:\/\/www.garanceaudit.com\/en\/previsionnel-3c\/\",\"url\":\"https:\/\/www.garanceaudit.com\/en\/previsionnel-3c\/\",\"name\":\"Pr\u00e9visionnel 3C - Garance Audit\",\"isPartOf\":{\"@id\":\"https:\/\/www.garanceaudit.com\/#website\"},\"datePublished\":\"2017-10-26T13:46:07+00:00\",\"dateModified\":\"2017-12-04T11:34:32+00:00\",\"breadcrumb\":{\"@id\":\"https:\/\/www.garanceaudit.com\/en\/previsionnel-3c\/#breadcrumb\"},\"inLanguage\":\"en-US\",\"potentialAction\":[{\"@type\":\"ReadAction\",\"target\":[\"https:\/\/www.garanceaudit.com\/en\/previsionnel-3c\/\"]}]},{\"@type\":\"BreadcrumbList\",\"@id\":\"https:\/\/www.garanceaudit.com\/en\/previsionnel-3c\/#breadcrumb\",\"itemListElement\":[{\"@type\":\"ListItem\",\"position\":1,\"name\":\"Accueil\",\"item\":\"https:\/\/www.garanceaudit.com\/en\/\"},{\"@type\":\"ListItem\",\"position\":2,\"name\":\"Pr\u00e9visionnel 3C\"}]},{\"@type\":\"WebSite\",\"@id\":\"https:\/\/www.garanceaudit.com\/#website\",\"url\":\"https:\/\/www.garanceaudit.com\/\",\"name\":\"Garance Audit\",\"description\":\"Cabinet comptable sp\u00e9cialis\u00e9 dans l&#039;industrie cin\u00e9matographique\",\"potentialAction\":[{\"@type\":\"SearchAction\",\"target\":{\"@type\":\"EntryPoint\",\"urlTemplate\":\"https:\/\/www.garanceaudit.com\/?s={search_term_string}\"},\"query-input\":\"required name=search_term_string\"}],\"inLanguage\":\"en-US\"}]}<\/script>\n<!-- \/ Yoast SEO plugin. -->","yoast_head_json":{"title":"Pr\u00e9visionnel 3C - Garance Audit","robots":{"index":"index","follow":"follow","max-snippet":"max-snippet:-1","max-image-preview":"max-image-preview:large","max-video-preview":"max-video-preview:-1"},"canonical":"https:\/\/www.garanceaudit.com\/en\/previsionnel-3c\/","og_locale":"en_US","og_type":"article","og_title":"Pr\u00e9visionnel 3C - Garance Audit","og_description":"&nbsp; &nbsp; &nbsp; &nbsp; Vos Besoins &nbsp; &nbsp; Vous lancez une nouvelle activit\u00e9 ou ouvrez un nouveau point de vente, et souhaitez vous assurer de sa viabilit\u00e9 Vous voulez rassurer vos partenaires financiers Vous voulez conna\u00eetre votre chiffre d\u2019affaires \u00ab point mort \u00bb, \u00e0 l\u2019ann\u00e9e, au mois, au jour le jour Vous voulez ma\u00eetriser vos&hellip;","og_url":"https:\/\/www.garanceaudit.com\/en\/previsionnel-3c\/","og_site_name":"Garance Audit","article_modified_time":"2017-12-04T11:34:32+00:00","twitter_card":"summary_large_image","twitter_misc":{"Est. reading time":"1 minute"},"schema":{"@context":"https:\/\/schema.org","@graph":[{"@type":"WebPage","@id":"https:\/\/www.garanceaudit.com\/en\/previsionnel-3c\/","url":"https:\/\/www.garanceaudit.com\/en\/previsionnel-3c\/","name":"Pr\u00e9visionnel 3C - Garance Audit","isPartOf":{"@id":"https:\/\/www.garanceaudit.com\/#website"},"datePublished":"2017-10-26T13:46:07+00:00","dateModified":"2017-12-04T11:34:32+00:00","breadcrumb":{"@id":"https:\/\/www.garanceaudit.com\/en\/previsionnel-3c\/#breadcrumb"},"inLanguage":"en-US","potentialAction":[{"@type":"ReadAction","target":["https:\/\/www.garanceaudit.com\/en\/previsionnel-3c\/"]}]},{"@type":"BreadcrumbList","@id":"https:\/\/www.garanceaudit.com\/en\/previsionnel-3c\/#breadcrumb","itemListElement":[{"@type":"ListItem","position":1,"name":"Accueil","item":"https:\/\/www.garanceaudit.com\/en\/"},{"@type":"ListItem","position":2,"name":"Pr\u00e9visionnel 3C"}]},{"@type":"WebSite","@id":"https:\/\/www.garanceaudit.com\/#website","url":"https:\/\/www.garanceaudit.com\/","name":"Garance Audit","description":"Cabinet comptable sp\u00e9cialis\u00e9 dans l&#039;industrie cin\u00e9matographique","potentialAction":[{"@type":"SearchAction","target":{"@type":"EntryPoint","urlTemplate":"https:\/\/www.garanceaudit.com\/?s={search_term_string}"},"query-input":"required name=search_term_string"}],"inLanguage":"en-US"}]}},"_links":{"self":[{"href":"https:\/\/www.garanceaudit.com\/en\/wp-json\/wp\/v2\/pages\/101"}],"collection":[{"href":"https:\/\/www.garanceaudit.com\/en\/wp-json\/wp\/v2\/pages"}],"about":[{"href":"https:\/\/www.garanceaudit.com\/en\/wp-json\/wp\/v2\/types\/page"}],"author":[{"embeddable":true,"href":"https:\/\/www.garanceaudit.com\/en\/wp-json\/wp\/v2\/users\/2"}],"replies":[{"embeddable":true,"href":"https:\/\/www.garanceaudit.com\/en\/wp-json\/wp\/v2\/comments?post=101"}],"version-history":[{"count":0,"href":"https:\/\/www.garanceaudit.com\/en\/wp-json\/wp\/v2\/pages\/101\/revisions"}],"wp:attachment":[{"href":"https:\/\/www.garanceaudit.com\/en\/wp-json\/wp\/v2\/media?parent=101"}],"curies":[{"name":"wp","href":"https:\/\/api.w.org\/{rel}","templated":true}]}}