{"id":226,"date":"2017-11-15T14:29:03","date_gmt":"2017-11-15T13:29:03","guid":{"rendered":"https:\/\/www.garanceaudit.com\/?page_id=226"},"modified":"2017-12-04T12:35:29","modified_gmt":"2017-12-04T11:35:29","slug":"situation-intermediaire-3c","status":"publish","type":"page","link":"https:\/\/www.garanceaudit.com\/en\/situation-intermediaire-3c\/","title":{"rendered":"Situation interm\u00e9diaire 3C"},"content":{"rendered":"\n<p>&nbsp;<\/p>\n<p>&nbsp;<\/p>\n<p>&nbsp;<\/p>\n<p>&nbsp;<\/p>\n<h2 style=\"text-align: center;\"><\/h2>\n<h2 style=\"text-align: center;\">Vos Besoins<\/h2>\n<p>&nbsp;<\/p>\n<p>&nbsp;<\/p>\n<p>&nbsp;<\/p>\n<ul>\n<li>Sans attendre le bilan de fin d\u2019ann\u00e9e, vous avez besoin d\u2019une situation interm\u00e9diaire.<\/li>\n<\/ul>\n<p>&nbsp;<\/p>\n<ul>\n<li>Vous souhaitez suivre r\u00e9guli\u00e8rement l\u2019\u00e9volution de votre activit\u00e9 selon des crit\u00e8res pertinents que vous aurez choisis.<\/li>\n<\/ul>\n<p>&nbsp;<\/p>\n<ul>\n<li>Vous souhaitez contr\u00f4ler et ma\u00eetriser votre budget, piloter votre entreprise, suivre l\u2019\u00e9volution de son chiffre d\u2019affaires.<\/li>\n<\/ul>\n<h2 style=\"text-align: center;\">Garance Audit<br \/>\nvous propose<\/h2>\n<p>N\u2019attendez pas la fin de votre exercice pour prendre des d\u00e9cisions strat\u00e9giques et piloter votre entreprise.<br \/>\nLa <strong>situation interm\u00e9diaire<\/strong> vous permet de contr\u00f4ler plusieurs crit\u00e8res d\u00e9terminants<\/p>\n<h3><strong>Solution<\/strong><\/h3>\n<p>Que ce soit \u00e0 intervalles r\u00e9guliers ou de mani\u00e8re ponctuelle, votre expert-comptable vous fournira un bilan interm\u00e9diaire.<\/p>\n<h3>Anticipation<\/h3>\n<p>Parce qu\u2019elles d\u00e9coulent d\u2019informations claires \u00e0 un instant pr\u00e9cis, vos d\u00e9cisions sont ainsi lieux adapt\u00e9es.<\/p>\n<h2 style=\"text-align: center;\">Les avantages<\/h2>\n<p>&nbsp;<\/p>\n<h3><\/h3>\n<h3>S\u00e9curisation et anticipation<\/h3>\n<p>&nbsp;<\/p>\n<ul>\n<li>Analyser l\u2019\u00e9volution de votre activit\u00e9<\/li>\n<li>Vous aider \u00e0 prendre les bonnes d\u00e9cisions<\/li>\n<li>Vous permettre de clarifier une situation<\/li>\n<li>Votre Expert vous accompagne et vous conseille sur l\u2019utilisation de ces outils.<\/li>\n<\/ul>\n<p>\t\t\t<a href=\"https:\/\/www.garanceaudit.com\/nous-contacter\/\" target=\"_self\" role=\"button\"><br \/>\n\t\t\t\t\t\t\tCONTACTEZ-NOUS POUR UNE PROPOSITION PERSONNALIS\u00c9E<br \/>\n\t\t\t\t\t<\/a><\/p>\n","protected":false},"excerpt":{"rendered":"<p>&nbsp; &nbsp; &nbsp; &nbsp; Vos Besoins &nbsp; &nbsp; &nbsp; Sans attendre le bilan de fin d\u2019ann\u00e9e, vous avez besoin d\u2019une situation interm\u00e9diaire. &nbsp; Vous souhaitez suivre r\u00e9guli\u00e8rement l\u2019\u00e9volution de votre activit\u00e9 selon des crit\u00e8res pertinents que vous aurez choisis. &nbsp; Vous souhaitez contr\u00f4ler et ma\u00eetriser votre budget, piloter votre entreprise, suivre l\u2019\u00e9volution de son chiffre&hellip;<\/p>\n","protected":false},"author":3,"featured_media":0,"parent":0,"menu_order":0,"comment_status":"closed","ping_status":"closed","template":"","meta":[],"yoast_head":"<!-- This site is optimized with the Yoast SEO plugin v21.8 - https:\/\/yoast.com\/wordpress\/plugins\/seo\/ -->\n<title>Situation interm\u00e9diaire 3C - Garance Audit<\/title>\n<meta name=\"robots\" content=\"index, follow, max-snippet:-1, max-image-preview:large, max-video-preview:-1\" \/>\n<link rel=\"canonical\" href=\"https:\/\/www.garanceaudit.com\/en\/situation-intermediaire-3c\/\" \/>\n<meta property=\"og:locale\" content=\"en_US\" \/>\n<meta property=\"og:type\" content=\"article\" \/>\n<meta property=\"og:title\" content=\"Situation interm\u00e9diaire 3C - Garance Audit\" \/>\n<meta property=\"og:description\" content=\"&nbsp; &nbsp; &nbsp; &nbsp; Vos Besoins &nbsp; &nbsp; &nbsp; Sans attendre le bilan de fin d\u2019ann\u00e9e, vous avez besoin d\u2019une situation interm\u00e9diaire. &nbsp; Vous souhaitez suivre r\u00e9guli\u00e8rement l\u2019\u00e9volution de votre activit\u00e9 selon des crit\u00e8res pertinents que vous aurez choisis. &nbsp; Vous souhaitez contr\u00f4ler et ma\u00eetriser votre budget, piloter votre entreprise, suivre l\u2019\u00e9volution de son chiffre&hellip;\" \/>\n<meta property=\"og:url\" content=\"https:\/\/www.garanceaudit.com\/en\/situation-intermediaire-3c\/\" \/>\n<meta property=\"og:site_name\" content=\"Garance Audit\" \/>\n<meta property=\"article:modified_time\" content=\"2017-12-04T11:35:29+00:00\" \/>\n<meta name=\"twitter:card\" content=\"summary_large_image\" \/>\n<meta name=\"twitter:label1\" content=\"Est. reading time\" \/>\n\t<meta name=\"twitter:data1\" content=\"1 minute\" \/>\n<script type=\"application\/ld+json\" class=\"yoast-schema-graph\">{\"@context\":\"https:\/\/schema.org\",\"@graph\":[{\"@type\":\"WebPage\",\"@id\":\"https:\/\/www.garanceaudit.com\/en\/situation-intermediaire-3c\/\",\"url\":\"https:\/\/www.garanceaudit.com\/en\/situation-intermediaire-3c\/\",\"name\":\"Situation interm\u00e9diaire 3C - Garance Audit\",\"isPartOf\":{\"@id\":\"https:\/\/www.garanceaudit.com\/#website\"},\"datePublished\":\"2017-11-15T13:29:03+00:00\",\"dateModified\":\"2017-12-04T11:35:29+00:00\",\"breadcrumb\":{\"@id\":\"https:\/\/www.garanceaudit.com\/en\/situation-intermediaire-3c\/#breadcrumb\"},\"inLanguage\":\"en-US\",\"potentialAction\":[{\"@type\":\"ReadAction\",\"target\":[\"https:\/\/www.garanceaudit.com\/en\/situation-intermediaire-3c\/\"]}]},{\"@type\":\"BreadcrumbList\",\"@id\":\"https:\/\/www.garanceaudit.com\/en\/situation-intermediaire-3c\/#breadcrumb\",\"itemListElement\":[{\"@type\":\"ListItem\",\"position\":1,\"name\":\"Accueil\",\"item\":\"https:\/\/www.garanceaudit.com\/en\/\"},{\"@type\":\"ListItem\",\"position\":2,\"name\":\"Situation interm\u00e9diaire 3C\"}]},{\"@type\":\"WebSite\",\"@id\":\"https:\/\/www.garanceaudit.com\/#website\",\"url\":\"https:\/\/www.garanceaudit.com\/\",\"name\":\"Garance Audit\",\"description\":\"Cabinet comptable sp\u00e9cialis\u00e9 dans l&#039;industrie cin\u00e9matographique\",\"potentialAction\":[{\"@type\":\"SearchAction\",\"target\":{\"@type\":\"EntryPoint\",\"urlTemplate\":\"https:\/\/www.garanceaudit.com\/?s={search_term_string}\"},\"query-input\":\"required name=search_term_string\"}],\"inLanguage\":\"en-US\"}]}<\/script>\n<!-- \/ Yoast SEO plugin. -->","yoast_head_json":{"title":"Situation interm\u00e9diaire 3C - Garance Audit","robots":{"index":"index","follow":"follow","max-snippet":"max-snippet:-1","max-image-preview":"max-image-preview:large","max-video-preview":"max-video-preview:-1"},"canonical":"https:\/\/www.garanceaudit.com\/en\/situation-intermediaire-3c\/","og_locale":"en_US","og_type":"article","og_title":"Situation interm\u00e9diaire 3C - Garance Audit","og_description":"&nbsp; &nbsp; &nbsp; &nbsp; Vos Besoins &nbsp; &nbsp; &nbsp; Sans attendre le bilan de fin d\u2019ann\u00e9e, vous avez besoin d\u2019une situation interm\u00e9diaire. &nbsp; Vous souhaitez suivre r\u00e9guli\u00e8rement l\u2019\u00e9volution de votre activit\u00e9 selon des crit\u00e8res pertinents que vous aurez choisis. &nbsp; Vous souhaitez contr\u00f4ler et ma\u00eetriser votre budget, piloter votre entreprise, suivre l\u2019\u00e9volution de son chiffre&hellip;","og_url":"https:\/\/www.garanceaudit.com\/en\/situation-intermediaire-3c\/","og_site_name":"Garance Audit","article_modified_time":"2017-12-04T11:35:29+00:00","twitter_card":"summary_large_image","twitter_misc":{"Est. reading time":"1 minute"},"schema":{"@context":"https:\/\/schema.org","@graph":[{"@type":"WebPage","@id":"https:\/\/www.garanceaudit.com\/en\/situation-intermediaire-3c\/","url":"https:\/\/www.garanceaudit.com\/en\/situation-intermediaire-3c\/","name":"Situation interm\u00e9diaire 3C - Garance Audit","isPartOf":{"@id":"https:\/\/www.garanceaudit.com\/#website"},"datePublished":"2017-11-15T13:29:03+00:00","dateModified":"2017-12-04T11:35:29+00:00","breadcrumb":{"@id":"https:\/\/www.garanceaudit.com\/en\/situation-intermediaire-3c\/#breadcrumb"},"inLanguage":"en-US","potentialAction":[{"@type":"ReadAction","target":["https:\/\/www.garanceaudit.com\/en\/situation-intermediaire-3c\/"]}]},{"@type":"BreadcrumbList","@id":"https:\/\/www.garanceaudit.com\/en\/situation-intermediaire-3c\/#breadcrumb","itemListElement":[{"@type":"ListItem","position":1,"name":"Accueil","item":"https:\/\/www.garanceaudit.com\/en\/"},{"@type":"ListItem","position":2,"name":"Situation interm\u00e9diaire 3C"}]},{"@type":"WebSite","@id":"https:\/\/www.garanceaudit.com\/#website","url":"https:\/\/www.garanceaudit.com\/","name":"Garance Audit","description":"Cabinet comptable sp\u00e9cialis\u00e9 dans l&#039;industrie cin\u00e9matographique","potentialAction":[{"@type":"SearchAction","target":{"@type":"EntryPoint","urlTemplate":"https:\/\/www.garanceaudit.com\/?s={search_term_string}"},"query-input":"required name=search_term_string"}],"inLanguage":"en-US"}]}},"_links":{"self":[{"href":"https:\/\/www.garanceaudit.com\/en\/wp-json\/wp\/v2\/pages\/226"}],"collection":[{"href":"https:\/\/www.garanceaudit.com\/en\/wp-json\/wp\/v2\/pages"}],"about":[{"href":"https:\/\/www.garanceaudit.com\/en\/wp-json\/wp\/v2\/types\/page"}],"author":[{"embeddable":true,"href":"https:\/\/www.garanceaudit.com\/en\/wp-json\/wp\/v2\/users\/3"}],"replies":[{"embeddable":true,"href":"https:\/\/www.garanceaudit.com\/en\/wp-json\/wp\/v2\/comments?post=226"}],"version-history":[{"count":0,"href":"https:\/\/www.garanceaudit.com\/en\/wp-json\/wp\/v2\/pages\/226\/revisions"}],"wp:attachment":[{"href":"https:\/\/www.garanceaudit.com\/en\/wp-json\/wp\/v2\/media?parent=226"}],"curies":[{"name":"wp","href":"https:\/\/api.w.org\/{rel}","templated":true}]}}