{"id":238,"date":"2017-11-15T14:59:16","date_gmt":"2017-11-15T13:59:16","guid":{"rendered":"https:\/\/www.garanceaudit.com\/?page_id=238"},"modified":"2017-11-29T17:23:11","modified_gmt":"2017-11-29T16:23:11","slug":"tableau-bord-3c","status":"publish","type":"page","link":"https:\/\/www.garanceaudit.com\/en\/tableau-bord-3c\/","title":{"rendered":"Tableau de bord 3C"},"content":{"rendered":"<p>&nbsp;<\/p>\n<p>&nbsp;<\/p>\n<p>&nbsp;<\/p>\n<p>&nbsp;<\/p>\n<h2 style=\"text-align: center;\"><\/h2>\n<h2 style=\"text-align: center;\">Vos Besoins<\/h2>\n<p>&nbsp;<\/p>\n<p>&nbsp;<\/p>\n<p>&nbsp;<\/p>\n<p>&nbsp;<\/p>\n<ul>\n<li>Etre plus r\u00e9actif<\/li>\n<\/ul>\n<p>&nbsp;<\/p>\n<ul>\n<li>Suivre le fonctionnement de votre entreprise au del\u00e0 des seuls r\u00e9sultats<\/li>\n<\/ul>\n<p>&nbsp;<\/p>\n<ul>\n<li>Mesurer et atteindre vos performances<\/li>\n<\/ul>\n<p>&nbsp;<\/p>\n<ul>\n<li>Aider vos responsables au pilotage<\/li>\n<\/ul>\n<h2 style=\"text-align: center;\">Garance Audit<br \/>\nvous propose<\/h2>\n<h3><strong>Une solution<\/strong><\/h3>\n<p>Nous apportons notre expertise pour optimiser le pilotage de votre entreprise.<br \/>\nNotre mission se d\u00e9cline en quatre points :<\/p>\n<ul>\n<li>Concevoir les indicateurs adapt\u00e9s<\/li>\n<li>Fiabiliser l\u2019information<\/li>\n<li>Vous communiquer les commentaires ad\u00e9quats<\/li>\n<li>Vous fournir un instrument d\u2019aide \u00e0 la d\u00e9cision<\/li>\n<\/ul>\n<h3>Nos atouts<\/h3>\n<ul>\n<li>Notre connaissance de votre secteur d\u2019activit\u00e9<\/li>\n<li>Des rendus clairs et lisibles<\/li>\n<li>Des d\u00e9lais courts<\/li>\n<\/ul>\n<h2 style=\"text-align: center;\">Les avantages<\/h2>\n<p>&nbsp;<\/p>\n<h3>Une v\u00e9ritable mesure action\/r\u00e9action<\/h3>\n<ul>\n<li>Contr\u00f4ler l&#8217;activit\u00e9 et visualiser les \u00e9volutions des indicateurs significatifs<\/li>\n<\/ul>\n<p>&nbsp;<\/p>\n<ul>\n<li>Aider \u00e0 la d\u00e9cision et \u00e0 la mise en place d\u2019actions correctives<\/li>\n<\/ul>\n<p>&nbsp;<\/p>\n<ul>\n<li>Communiquer simplement \u00e0 destination des responsables op\u00e9rationnels, des actionnaires, mais \u00e9galement \u00e0 destination des banques, investisseurs et autres institutionnels.<\/li>\n<\/ul>\n<p>\t\t\t<a href=\"https:\/\/www.garanceaudit.com\/nous-contacter\/\" target=\"_self\" role=\"button\"><br \/>\n\t\t\t\t\t\t\tCONTACTEZ-NOUS POUR UNE PROPOSITION PERSONNALIS\u00c9E<br \/>\n\t\t\t\t\t<\/a><\/p>\n","protected":false},"excerpt":{"rendered":"<p>&nbsp; &nbsp; &nbsp; &nbsp; Vos Besoins &nbsp; &nbsp; &nbsp; &nbsp; Etre plus r\u00e9actif &nbsp; Suivre le fonctionnement de votre entreprise au del\u00e0 des seuls r\u00e9sultats &nbsp; Mesurer et atteindre vos performances &nbsp; Aider vos responsables au pilotage Garance Audit vous propose Une solution Nous apportons notre expertise pour optimiser le pilotage de votre entreprise. Notre&hellip;<\/p>\n","protected":false},"author":3,"featured_media":0,"parent":0,"menu_order":0,"comment_status":"closed","ping_status":"closed","template":"","meta":[],"yoast_head":"<!-- This site is optimized with the Yoast SEO plugin v21.8 - https:\/\/yoast.com\/wordpress\/plugins\/seo\/ -->\n<title>Tableau de bord 3C - Garance Audit<\/title>\n<meta name=\"robots\" content=\"index, follow, max-snippet:-1, max-image-preview:large, max-video-preview:-1\" \/>\n<link rel=\"canonical\" href=\"https:\/\/www.garanceaudit.com\/en\/tableau-bord-3c\/\" \/>\n<meta property=\"og:locale\" content=\"en_US\" \/>\n<meta property=\"og:type\" content=\"article\" \/>\n<meta property=\"og:title\" content=\"Tableau de bord 3C - Garance Audit\" \/>\n<meta property=\"og:description\" content=\"&nbsp; &nbsp; &nbsp; &nbsp; Vos Besoins &nbsp; &nbsp; &nbsp; &nbsp; Etre plus r\u00e9actif &nbsp; Suivre le fonctionnement de votre entreprise au del\u00e0 des seuls r\u00e9sultats &nbsp; Mesurer et atteindre vos performances &nbsp; Aider vos responsables au pilotage Garance Audit vous propose Une solution Nous apportons notre expertise pour optimiser le pilotage de votre entreprise. Notre&hellip;\" \/>\n<meta property=\"og:url\" content=\"https:\/\/www.garanceaudit.com\/en\/tableau-bord-3c\/\" \/>\n<meta property=\"og:site_name\" content=\"Garance Audit\" \/>\n<meta property=\"article:modified_time\" content=\"2017-11-29T16:23:11+00:00\" \/>\n<meta name=\"twitter:card\" content=\"summary_large_image\" \/>\n<meta name=\"twitter:label1\" content=\"Est. reading time\" \/>\n\t<meta name=\"twitter:data1\" content=\"1 minute\" \/>\n<script type=\"application\/ld+json\" class=\"yoast-schema-graph\">{\"@context\":\"https:\/\/schema.org\",\"@graph\":[{\"@type\":\"WebPage\",\"@id\":\"https:\/\/www.garanceaudit.com\/en\/tableau-bord-3c\/\",\"url\":\"https:\/\/www.garanceaudit.com\/en\/tableau-bord-3c\/\",\"name\":\"Tableau de bord 3C - Garance Audit\",\"isPartOf\":{\"@id\":\"https:\/\/www.garanceaudit.com\/#website\"},\"datePublished\":\"2017-11-15T13:59:16+00:00\",\"dateModified\":\"2017-11-29T16:23:11+00:00\",\"breadcrumb\":{\"@id\":\"https:\/\/www.garanceaudit.com\/en\/tableau-bord-3c\/#breadcrumb\"},\"inLanguage\":\"en-US\",\"potentialAction\":[{\"@type\":\"ReadAction\",\"target\":[\"https:\/\/www.garanceaudit.com\/en\/tableau-bord-3c\/\"]}]},{\"@type\":\"BreadcrumbList\",\"@id\":\"https:\/\/www.garanceaudit.com\/en\/tableau-bord-3c\/#breadcrumb\",\"itemListElement\":[{\"@type\":\"ListItem\",\"position\":1,\"name\":\"Accueil\",\"item\":\"https:\/\/www.garanceaudit.com\/en\/\"},{\"@type\":\"ListItem\",\"position\":2,\"name\":\"Tableau de bord 3C\"}]},{\"@type\":\"WebSite\",\"@id\":\"https:\/\/www.garanceaudit.com\/#website\",\"url\":\"https:\/\/www.garanceaudit.com\/\",\"name\":\"Garance Audit\",\"description\":\"Cabinet comptable sp\u00e9cialis\u00e9 dans l&#039;industrie cin\u00e9matographique\",\"potentialAction\":[{\"@type\":\"SearchAction\",\"target\":{\"@type\":\"EntryPoint\",\"urlTemplate\":\"https:\/\/www.garanceaudit.com\/?s={search_term_string}\"},\"query-input\":\"required name=search_term_string\"}],\"inLanguage\":\"en-US\"}]}<\/script>\n<!-- \/ Yoast SEO plugin. -->","yoast_head_json":{"title":"Tableau de bord 3C - Garance Audit","robots":{"index":"index","follow":"follow","max-snippet":"max-snippet:-1","max-image-preview":"max-image-preview:large","max-video-preview":"max-video-preview:-1"},"canonical":"https:\/\/www.garanceaudit.com\/en\/tableau-bord-3c\/","og_locale":"en_US","og_type":"article","og_title":"Tableau de bord 3C - Garance Audit","og_description":"&nbsp; &nbsp; &nbsp; &nbsp; Vos Besoins &nbsp; &nbsp; &nbsp; &nbsp; Etre plus r\u00e9actif &nbsp; Suivre le fonctionnement de votre entreprise au del\u00e0 des seuls r\u00e9sultats &nbsp; Mesurer et atteindre vos performances &nbsp; Aider vos responsables au pilotage Garance Audit vous propose Une solution Nous apportons notre expertise pour optimiser le pilotage de votre entreprise. Notre&hellip;","og_url":"https:\/\/www.garanceaudit.com\/en\/tableau-bord-3c\/","og_site_name":"Garance Audit","article_modified_time":"2017-11-29T16:23:11+00:00","twitter_card":"summary_large_image","twitter_misc":{"Est. reading time":"1 minute"},"schema":{"@context":"https:\/\/schema.org","@graph":[{"@type":"WebPage","@id":"https:\/\/www.garanceaudit.com\/en\/tableau-bord-3c\/","url":"https:\/\/www.garanceaudit.com\/en\/tableau-bord-3c\/","name":"Tableau de bord 3C - Garance Audit","isPartOf":{"@id":"https:\/\/www.garanceaudit.com\/#website"},"datePublished":"2017-11-15T13:59:16+00:00","dateModified":"2017-11-29T16:23:11+00:00","breadcrumb":{"@id":"https:\/\/www.garanceaudit.com\/en\/tableau-bord-3c\/#breadcrumb"},"inLanguage":"en-US","potentialAction":[{"@type":"ReadAction","target":["https:\/\/www.garanceaudit.com\/en\/tableau-bord-3c\/"]}]},{"@type":"BreadcrumbList","@id":"https:\/\/www.garanceaudit.com\/en\/tableau-bord-3c\/#breadcrumb","itemListElement":[{"@type":"ListItem","position":1,"name":"Accueil","item":"https:\/\/www.garanceaudit.com\/en\/"},{"@type":"ListItem","position":2,"name":"Tableau de bord 3C"}]},{"@type":"WebSite","@id":"https:\/\/www.garanceaudit.com\/#website","url":"https:\/\/www.garanceaudit.com\/","name":"Garance Audit","description":"Cabinet comptable sp\u00e9cialis\u00e9 dans l&#039;industrie cin\u00e9matographique","potentialAction":[{"@type":"SearchAction","target":{"@type":"EntryPoint","urlTemplate":"https:\/\/www.garanceaudit.com\/?s={search_term_string}"},"query-input":"required name=search_term_string"}],"inLanguage":"en-US"}]}},"_links":{"self":[{"href":"https:\/\/www.garanceaudit.com\/en\/wp-json\/wp\/v2\/pages\/238"}],"collection":[{"href":"https:\/\/www.garanceaudit.com\/en\/wp-json\/wp\/v2\/pages"}],"about":[{"href":"https:\/\/www.garanceaudit.com\/en\/wp-json\/wp\/v2\/types\/page"}],"author":[{"embeddable":true,"href":"https:\/\/www.garanceaudit.com\/en\/wp-json\/wp\/v2\/users\/3"}],"replies":[{"embeddable":true,"href":"https:\/\/www.garanceaudit.com\/en\/wp-json\/wp\/v2\/comments?post=238"}],"version-history":[{"count":0,"href":"https:\/\/www.garanceaudit.com\/en\/wp-json\/wp\/v2\/pages\/238\/revisions"}],"wp:attachment":[{"href":"https:\/\/www.garanceaudit.com\/en\/wp-json\/wp\/v2\/media?parent=238"}],"curies":[{"name":"wp","href":"https:\/\/api.w.org\/{rel}","templated":true}]}}