{"id":505,"date":"2019-12-01T15:27:14","date_gmt":"2019-12-01T14:27:14","guid":{"rendered":"https:\/\/www.garanceaudit.com\/acquisition-audit\/"},"modified":"2019-12-12T17:08:48","modified_gmt":"2019-12-12T16:08:48","slug":"acquisition-audit","status":"publish","type":"page","link":"https:\/\/www.garanceaudit.com\/en\/acquisition-audit\/","title":{"rendered":"Acquisition Audit"},"content":{"rendered":"\n\t<p>&nbsp;<\/p>\n<p>&nbsp;<\/p>\n<p>&nbsp;<\/p>\n<p>&nbsp;<\/p>\n\t<h2><\/h2>\n\t<p>You wish to acquire a company and are looking to obtain an objective external opinion on the general and specific risks involved in this acquisition project?<\/p>\n<p>You wish to obtain a financial assessment of this company to compare it to the price requested by the seller?<\/p>\n\t<h3>What Garance Audit can do for you<strong><br \/>\n<\/strong><\/h3>\n<p>We can carry out an accounting, financial, legal, social, and tax audit of the company you are looking to acquire.<\/p>\n<p>We can help you in the evaluation of its internal audit and information systems.<\/p>\n<h3><\/h3>\n<h3><\/h3>\n\t<h3>Why Choose Garance Audit?<\/h3>\n<ul>\n<li>We can advise in negotiating the acquisition price by confirming or contesting the company\u2019s value.<\/li>\n<li>We can recommend experts to you who can provide an environmental analysis of the project\u2019s strategic perspectives.<\/li>\n<li>We analyse all the clauses linked to the seller\u2019s warrantee.<\/li>\n<\/ul>\n\t<h3>An acquisition audit is a gauge of security for your company.<\/h3>\n<p>We\u2019re by your side throughout the whole process.<\/p>\n<p>We provide you with access to in-depth knowledge of the acquisition project\u2019s key risk areas, and help you guarantee your investment by paying an acquisition price that is fair in terms of the target company\u2019s value.<\/p>\n\t\t\t<a href=\"https:\/\/www.garanceaudit.com\/en\/contact\/\" target=\"_self\" role=\"button\" rel=\"noopener noreferrer\">\n\t\t\t\t\t\t\tCONTACT US FOR A PERSONALISED OFFER\n\t\t\t\t\t<\/a>\n","protected":false},"excerpt":{"rendered":"<p>&nbsp; &nbsp; &nbsp; &nbsp; You wish to acquire a company and are looking to obtain an objective external opinion on the general and specific risks involved in this acquisition project? You wish to obtain a financial assessment of this company to compare it to the price requested by the seller? What Garance Audit can do&hellip;<\/p>\n","protected":false},"author":3,"featured_media":0,"parent":0,"menu_order":0,"comment_status":"closed","ping_status":"closed","template":"","meta":[],"yoast_head":"<!-- This site is optimized with the Yoast SEO plugin v21.8 - https:\/\/yoast.com\/wordpress\/plugins\/seo\/ -->\n<title>Acquisition Audit - Garance Audit<\/title>\n<meta name=\"robots\" content=\"index, follow, max-snippet:-1, max-image-preview:large, max-video-preview:-1\" \/>\n<link rel=\"canonical\" href=\"https:\/\/www.garanceaudit.com\/en\/acquisition-audit\/\" \/>\n<meta property=\"og:locale\" content=\"en_US\" \/>\n<meta property=\"og:type\" content=\"article\" \/>\n<meta property=\"og:title\" content=\"Acquisition Audit - Garance Audit\" \/>\n<meta property=\"og:description\" content=\"&nbsp; &nbsp; &nbsp; &nbsp; You wish to acquire a company and are looking to obtain an objective external opinion on the general and specific risks involved in this acquisition project? You wish to obtain a financial assessment of this company to compare it to the price requested by the seller? What Garance Audit can do&hellip;\" \/>\n<meta property=\"og:url\" content=\"https:\/\/www.garanceaudit.com\/en\/acquisition-audit\/\" \/>\n<meta property=\"og:site_name\" content=\"Garance Audit\" \/>\n<meta property=\"article:modified_time\" content=\"2019-12-12T16:08:48+00:00\" \/>\n<meta name=\"twitter:card\" content=\"summary_large_image\" \/>\n<meta name=\"twitter:label1\" content=\"Est. reading time\" \/>\n\t<meta name=\"twitter:data1\" content=\"1 minute\" \/>\n<script type=\"application\/ld+json\" class=\"yoast-schema-graph\">{\"@context\":\"https:\/\/schema.org\",\"@graph\":[{\"@type\":\"WebPage\",\"@id\":\"https:\/\/www.garanceaudit.com\/en\/acquisition-audit\/\",\"url\":\"https:\/\/www.garanceaudit.com\/en\/acquisition-audit\/\",\"name\":\"Acquisition Audit - Garance Audit\",\"isPartOf\":{\"@id\":\"https:\/\/www.garanceaudit.com\/#website\"},\"datePublished\":\"2019-12-01T14:27:14+00:00\",\"dateModified\":\"2019-12-12T16:08:48+00:00\",\"breadcrumb\":{\"@id\":\"https:\/\/www.garanceaudit.com\/en\/acquisition-audit\/#breadcrumb\"},\"inLanguage\":\"en-US\",\"potentialAction\":[{\"@type\":\"ReadAction\",\"target\":[\"https:\/\/www.garanceaudit.com\/en\/acquisition-audit\/\"]}]},{\"@type\":\"BreadcrumbList\",\"@id\":\"https:\/\/www.garanceaudit.com\/en\/acquisition-audit\/#breadcrumb\",\"itemListElement\":[{\"@type\":\"ListItem\",\"position\":1,\"name\":\"Accueil\",\"item\":\"https:\/\/www.garanceaudit.com\/en\/\"},{\"@type\":\"ListItem\",\"position\":2,\"name\":\"Acquisition Audit\"}]},{\"@type\":\"WebSite\",\"@id\":\"https:\/\/www.garanceaudit.com\/#website\",\"url\":\"https:\/\/www.garanceaudit.com\/\",\"name\":\"Garance Audit\",\"description\":\"Cabinet comptable sp\u00e9cialis\u00e9 dans l&#039;industrie cin\u00e9matographique\",\"potentialAction\":[{\"@type\":\"SearchAction\",\"target\":{\"@type\":\"EntryPoint\",\"urlTemplate\":\"https:\/\/www.garanceaudit.com\/?s={search_term_string}\"},\"query-input\":\"required name=search_term_string\"}],\"inLanguage\":\"en-US\"}]}<\/script>\n<!-- \/ Yoast SEO plugin. -->","yoast_head_json":{"title":"Acquisition Audit - Garance Audit","robots":{"index":"index","follow":"follow","max-snippet":"max-snippet:-1","max-image-preview":"max-image-preview:large","max-video-preview":"max-video-preview:-1"},"canonical":"https:\/\/www.garanceaudit.com\/en\/acquisition-audit\/","og_locale":"en_US","og_type":"article","og_title":"Acquisition Audit - Garance Audit","og_description":"&nbsp; &nbsp; &nbsp; &nbsp; You wish to acquire a company and are looking to obtain an objective external opinion on the general and specific risks involved in this acquisition project? You wish to obtain a financial assessment of this company to compare it to the price requested by the seller? What Garance Audit can do&hellip;","og_url":"https:\/\/www.garanceaudit.com\/en\/acquisition-audit\/","og_site_name":"Garance Audit","article_modified_time":"2019-12-12T16:08:48+00:00","twitter_card":"summary_large_image","twitter_misc":{"Est. reading time":"1 minute"},"schema":{"@context":"https:\/\/schema.org","@graph":[{"@type":"WebPage","@id":"https:\/\/www.garanceaudit.com\/en\/acquisition-audit\/","url":"https:\/\/www.garanceaudit.com\/en\/acquisition-audit\/","name":"Acquisition Audit - Garance Audit","isPartOf":{"@id":"https:\/\/www.garanceaudit.com\/#website"},"datePublished":"2019-12-01T14:27:14+00:00","dateModified":"2019-12-12T16:08:48+00:00","breadcrumb":{"@id":"https:\/\/www.garanceaudit.com\/en\/acquisition-audit\/#breadcrumb"},"inLanguage":"en-US","potentialAction":[{"@type":"ReadAction","target":["https:\/\/www.garanceaudit.com\/en\/acquisition-audit\/"]}]},{"@type":"BreadcrumbList","@id":"https:\/\/www.garanceaudit.com\/en\/acquisition-audit\/#breadcrumb","itemListElement":[{"@type":"ListItem","position":1,"name":"Accueil","item":"https:\/\/www.garanceaudit.com\/en\/"},{"@type":"ListItem","position":2,"name":"Acquisition Audit"}]},{"@type":"WebSite","@id":"https:\/\/www.garanceaudit.com\/#website","url":"https:\/\/www.garanceaudit.com\/","name":"Garance Audit","description":"Cabinet comptable sp\u00e9cialis\u00e9 dans l&#039;industrie cin\u00e9matographique","potentialAction":[{"@type":"SearchAction","target":{"@type":"EntryPoint","urlTemplate":"https:\/\/www.garanceaudit.com\/?s={search_term_string}"},"query-input":"required name=search_term_string"}],"inLanguage":"en-US"}]}},"_links":{"self":[{"href":"https:\/\/www.garanceaudit.com\/en\/wp-json\/wp\/v2\/pages\/505"}],"collection":[{"href":"https:\/\/www.garanceaudit.com\/en\/wp-json\/wp\/v2\/pages"}],"about":[{"href":"https:\/\/www.garanceaudit.com\/en\/wp-json\/wp\/v2\/types\/page"}],"author":[{"embeddable":true,"href":"https:\/\/www.garanceaudit.com\/en\/wp-json\/wp\/v2\/users\/3"}],"replies":[{"embeddable":true,"href":"https:\/\/www.garanceaudit.com\/en\/wp-json\/wp\/v2\/comments?post=505"}],"version-history":[{"count":0,"href":"https:\/\/www.garanceaudit.com\/en\/wp-json\/wp\/v2\/pages\/505\/revisions"}],"wp:attachment":[{"href":"https:\/\/www.garanceaudit.com\/en\/wp-json\/wp\/v2\/media?parent=505"}],"curies":[{"name":"wp","href":"https:\/\/api.w.org\/{rel}","templated":true}]}}