{"id":509,"date":"2019-12-01T15:45:56","date_gmt":"2019-12-01T14:45:56","guid":{"rendered":"https:\/\/www.garanceaudit.com\/management-control-systems\/"},"modified":"2019-12-12T16:27:54","modified_gmt":"2019-12-12T15:27:54","slug":"management-control-systems","status":"publish","type":"page","link":"https:\/\/www.garanceaudit.com\/en\/management-control-systems\/","title":{"rendered":"Management Control Systems"},"content":{"rendered":"\n\t<p>&nbsp;<\/p>\n<p>&nbsp;<\/p>\n<p>&nbsp;<\/p>\n<p>&nbsp;<\/p>\n\t<h2><\/h2>\n\t<p>Do you wish to look into the profitability of your products and\/or services and optimise the operation of your activity centres?<\/p>\n<p>Do you want to establish the cost of an order or a project per client in order to allow you to precisely evaluate the financial impact of your decisions?<\/p>\n\t<h3>What Garance Audit can do for you<strong><br \/>\n<\/strong><\/h3>\n<p>We implement an accounting function which aims to provide for better cost evaluation and understanding of how profit is created in order to allow for action on the elements that constitute it.<\/p>\n<h3><\/h3>\n<h3><\/h3>\n\t<h3>Why Choose Garance Audit?<\/h3>\n<ul>\n<li>We help you to analyse and master profits per activity, whilst bearing in mind your objectives and your technical and organisational specificities.<\/li>\n<li>We periodically provide you with income statements, laid out by activity, project, site, or business sector, according to your needs.\/li&gt;\n<\/ul>\n\t<h3>Management control can optimise your company\u2019s activities.<\/h3>\n<p>You know the projects, activities, or sites thanks to which you make profits and those that make you lose money.<\/p>\n<p>You know your production costs and can thus precisely establish your sales prices.<\/p>\n<p>You can also evaluate your budgets with greater precision and make targeted decisions.<\/p>\n\t\t\t<a href=\"https:\/\/www.garanceaudit.com\/en\/contact\/\" target=\"_self\" role=\"button\" rel=\"noopener noreferrer\">\n\t\t\t\t\t\t\tCONTACT US FOR A PERSONALISED OFFER\n\t\t\t\t\t<\/a>\n","protected":false},"excerpt":{"rendered":"<p>&nbsp; &nbsp; &nbsp; &nbsp; Do you wish to look into the profitability of your products and\/or services and optimise the operation of your activity centres? Do you want to establish the cost of an order or a project per client in order to allow you to precisely evaluate the financial impact of your decisions? What&hellip;<\/p>\n","protected":false},"author":3,"featured_media":0,"parent":0,"menu_order":0,"comment_status":"closed","ping_status":"closed","template":"","meta":[],"yoast_head":"<!-- This site is optimized with the Yoast SEO plugin v21.8 - https:\/\/yoast.com\/wordpress\/plugins\/seo\/ -->\n<title>Management Control Systems - Garance Audit<\/title>\n<meta name=\"robots\" content=\"index, follow, max-snippet:-1, max-image-preview:large, max-video-preview:-1\" \/>\n<link rel=\"canonical\" href=\"https:\/\/www.garanceaudit.com\/en\/management-control-systems\/\" \/>\n<meta property=\"og:locale\" content=\"en_US\" \/>\n<meta property=\"og:type\" content=\"article\" \/>\n<meta property=\"og:title\" content=\"Management Control Systems - Garance Audit\" \/>\n<meta property=\"og:description\" content=\"&nbsp; &nbsp; &nbsp; &nbsp; Do you wish to look into the profitability of your products and\/or services and optimise the operation of your activity centres? Do you want to establish the cost of an order or a project per client in order to allow you to precisely evaluate the financial impact of your decisions? What&hellip;\" \/>\n<meta property=\"og:url\" content=\"https:\/\/www.garanceaudit.com\/en\/management-control-systems\/\" \/>\n<meta property=\"og:site_name\" content=\"Garance Audit\" \/>\n<meta property=\"article:modified_time\" content=\"2019-12-12T15:27:54+00:00\" \/>\n<meta name=\"twitter:card\" content=\"summary_large_image\" \/>\n<meta name=\"twitter:label1\" content=\"Est. reading time\" \/>\n\t<meta name=\"twitter:data1\" content=\"1 minute\" \/>\n<script type=\"application\/ld+json\" class=\"yoast-schema-graph\">{\"@context\":\"https:\/\/schema.org\",\"@graph\":[{\"@type\":\"WebPage\",\"@id\":\"https:\/\/www.garanceaudit.com\/en\/management-control-systems\/\",\"url\":\"https:\/\/www.garanceaudit.com\/en\/management-control-systems\/\",\"name\":\"Management Control Systems - Garance Audit\",\"isPartOf\":{\"@id\":\"https:\/\/www.garanceaudit.com\/#website\"},\"datePublished\":\"2019-12-01T14:45:56+00:00\",\"dateModified\":\"2019-12-12T15:27:54+00:00\",\"breadcrumb\":{\"@id\":\"https:\/\/www.garanceaudit.com\/en\/management-control-systems\/#breadcrumb\"},\"inLanguage\":\"en-US\",\"potentialAction\":[{\"@type\":\"ReadAction\",\"target\":[\"https:\/\/www.garanceaudit.com\/en\/management-control-systems\/\"]}]},{\"@type\":\"BreadcrumbList\",\"@id\":\"https:\/\/www.garanceaudit.com\/en\/management-control-systems\/#breadcrumb\",\"itemListElement\":[{\"@type\":\"ListItem\",\"position\":1,\"name\":\"Accueil\",\"item\":\"https:\/\/www.garanceaudit.com\/en\/\"},{\"@type\":\"ListItem\",\"position\":2,\"name\":\"Management Control Systems\"}]},{\"@type\":\"WebSite\",\"@id\":\"https:\/\/www.garanceaudit.com\/#website\",\"url\":\"https:\/\/www.garanceaudit.com\/\",\"name\":\"Garance Audit\",\"description\":\"Cabinet comptable sp\u00e9cialis\u00e9 dans l&#039;industrie cin\u00e9matographique\",\"potentialAction\":[{\"@type\":\"SearchAction\",\"target\":{\"@type\":\"EntryPoint\",\"urlTemplate\":\"https:\/\/www.garanceaudit.com\/?s={search_term_string}\"},\"query-input\":\"required name=search_term_string\"}],\"inLanguage\":\"en-US\"}]}<\/script>\n<!-- \/ Yoast SEO plugin. -->","yoast_head_json":{"title":"Management Control Systems - Garance Audit","robots":{"index":"index","follow":"follow","max-snippet":"max-snippet:-1","max-image-preview":"max-image-preview:large","max-video-preview":"max-video-preview:-1"},"canonical":"https:\/\/www.garanceaudit.com\/en\/management-control-systems\/","og_locale":"en_US","og_type":"article","og_title":"Management Control Systems - Garance Audit","og_description":"&nbsp; &nbsp; &nbsp; &nbsp; Do you wish to look into the profitability of your products and\/or services and optimise the operation of your activity centres? Do you want to establish the cost of an order or a project per client in order to allow you to precisely evaluate the financial impact of your decisions? What&hellip;","og_url":"https:\/\/www.garanceaudit.com\/en\/management-control-systems\/","og_site_name":"Garance Audit","article_modified_time":"2019-12-12T15:27:54+00:00","twitter_card":"summary_large_image","twitter_misc":{"Est. reading time":"1 minute"},"schema":{"@context":"https:\/\/schema.org","@graph":[{"@type":"WebPage","@id":"https:\/\/www.garanceaudit.com\/en\/management-control-systems\/","url":"https:\/\/www.garanceaudit.com\/en\/management-control-systems\/","name":"Management Control Systems - Garance Audit","isPartOf":{"@id":"https:\/\/www.garanceaudit.com\/#website"},"datePublished":"2019-12-01T14:45:56+00:00","dateModified":"2019-12-12T15:27:54+00:00","breadcrumb":{"@id":"https:\/\/www.garanceaudit.com\/en\/management-control-systems\/#breadcrumb"},"inLanguage":"en-US","potentialAction":[{"@type":"ReadAction","target":["https:\/\/www.garanceaudit.com\/en\/management-control-systems\/"]}]},{"@type":"BreadcrumbList","@id":"https:\/\/www.garanceaudit.com\/en\/management-control-systems\/#breadcrumb","itemListElement":[{"@type":"ListItem","position":1,"name":"Accueil","item":"https:\/\/www.garanceaudit.com\/en\/"},{"@type":"ListItem","position":2,"name":"Management Control Systems"}]},{"@type":"WebSite","@id":"https:\/\/www.garanceaudit.com\/#website","url":"https:\/\/www.garanceaudit.com\/","name":"Garance Audit","description":"Cabinet comptable sp\u00e9cialis\u00e9 dans l&#039;industrie cin\u00e9matographique","potentialAction":[{"@type":"SearchAction","target":{"@type":"EntryPoint","urlTemplate":"https:\/\/www.garanceaudit.com\/?s={search_term_string}"},"query-input":"required name=search_term_string"}],"inLanguage":"en-US"}]}},"_links":{"self":[{"href":"https:\/\/www.garanceaudit.com\/en\/wp-json\/wp\/v2\/pages\/509"}],"collection":[{"href":"https:\/\/www.garanceaudit.com\/en\/wp-json\/wp\/v2\/pages"}],"about":[{"href":"https:\/\/www.garanceaudit.com\/en\/wp-json\/wp\/v2\/types\/page"}],"author":[{"embeddable":true,"href":"https:\/\/www.garanceaudit.com\/en\/wp-json\/wp\/v2\/users\/3"}],"replies":[{"embeddable":true,"href":"https:\/\/www.garanceaudit.com\/en\/wp-json\/wp\/v2\/comments?post=509"}],"version-history":[{"count":0,"href":"https:\/\/www.garanceaudit.com\/en\/wp-json\/wp\/v2\/pages\/509\/revisions"}],"wp:attachment":[{"href":"https:\/\/www.garanceaudit.com\/en\/wp-json\/wp\/v2\/media?parent=509"}],"curies":[{"name":"wp","href":"https:\/\/api.w.org\/{rel}","templated":true}]}}