{"id":512,"date":"2019-12-01T16:01:44","date_gmt":"2019-12-01T15:01:44","guid":{"rendered":"https:\/\/www.garanceaudit.com\/evaluation-and-transmission\/"},"modified":"2019-12-12T16:29:08","modified_gmt":"2019-12-12T15:29:08","slug":"evaluation-and-transmission","status":"publish","type":"page","link":"https:\/\/www.garanceaudit.com\/en\/evaluation-and-transmission\/","title":{"rendered":"Evaluation and transmission"},"content":{"rendered":"\n\t<p>&nbsp;<\/p>\n<p>&nbsp;<\/p>\n<p>&nbsp;<\/p>\n<p>&nbsp;<\/p>\n\t<h2><\/h2>\n\t<p>You\u2019re looking to sell your company or are looking to take on new associates?<\/p>\n<p>You\u2019re looking for a company to acquire and need expert assistance in estimating financial value?<\/p>\n<p>&nbsp;<\/p>\n\t<h3>What Garance Audit can do for you<strong><br \/>\n<\/strong><\/h3>\n<p>We prepare the presentation and financial value estimation file for your company.<\/p>\n<p>We carry out an acquisition audit on the company that\u2019s up for sale.<\/p>\n<p>We ensure the project\u2019s legal, fiscal, and financial engineering.<\/p>\n\t<h3>Why Choose Garance Audit?<\/h3>\n<p>We help you:<\/p>\n<ul>\n<li>in the preselection of potential buyers<\/li>\n<li>in all your interactions with sellers or buyers<\/li>\n<li>we\u2019re by your side during all phases of negotiation<\/li>\n<li>during the preparation of legal documents and protocols<\/li>\n<\/ul>\n\t<h3>Securely assess transmission and value<\/h3>\n<p>As chartered accountants, we have an obligation of discretion, and give an objective and non-partisan estimation as to the feasibility of the planned transaction.<\/p>\n<p>We have access to inter-professional networks (notaries, lawyers, intermediaries&#8230;), which guarantee the operation\u2019s securitisation and tax optimisation.<\/p>\n<p>&nbsp;<\/p>\n\t\t\t<a href=\"https:\/\/www.garanceaudit.com\/en\/contact\/\" target=\"_self\" role=\"button\" rel=\"noopener noreferrer\">\n\t\t\t\t\t\t\tCONTACT US FOR A PERSONALISED OFFER\n\t\t\t\t\t<\/a>\n","protected":false},"excerpt":{"rendered":"<p>&nbsp; &nbsp; &nbsp; &nbsp; You\u2019re looking to sell your company or are looking to take on new associates? You\u2019re looking for a company to acquire and need expert assistance in estimating financial value? &nbsp; What Garance Audit can do for you We prepare the presentation and financial value estimation file for your company. We carry&hellip;<\/p>\n","protected":false},"author":3,"featured_media":0,"parent":0,"menu_order":0,"comment_status":"closed","ping_status":"closed","template":"","meta":[],"yoast_head":"<!-- This site is optimized with the Yoast SEO plugin v21.8 - https:\/\/yoast.com\/wordpress\/plugins\/seo\/ -->\n<title>Evaluation and transmission - Garance Audit<\/title>\n<meta name=\"robots\" content=\"index, follow, max-snippet:-1, max-image-preview:large, max-video-preview:-1\" \/>\n<link rel=\"canonical\" href=\"https:\/\/www.garanceaudit.com\/en\/evaluation-and-transmission\/\" \/>\n<meta property=\"og:locale\" content=\"en_US\" \/>\n<meta property=\"og:type\" content=\"article\" \/>\n<meta property=\"og:title\" content=\"Evaluation and transmission - Garance Audit\" \/>\n<meta property=\"og:description\" content=\"&nbsp; &nbsp; &nbsp; &nbsp; You\u2019re looking to sell your company or are looking to take on new associates? You\u2019re looking for a company to acquire and need expert assistance in estimating financial value? &nbsp; What Garance Audit can do for you We prepare the presentation and financial value estimation file for your company. We carry&hellip;\" \/>\n<meta property=\"og:url\" content=\"https:\/\/www.garanceaudit.com\/en\/evaluation-and-transmission\/\" \/>\n<meta property=\"og:site_name\" content=\"Garance Audit\" \/>\n<meta property=\"article:modified_time\" content=\"2019-12-12T15:29:08+00:00\" \/>\n<meta name=\"twitter:card\" content=\"summary_large_image\" \/>\n<meta name=\"twitter:label1\" content=\"Est. reading time\" \/>\n\t<meta name=\"twitter:data1\" content=\"1 minute\" \/>\n<script type=\"application\/ld+json\" class=\"yoast-schema-graph\">{\"@context\":\"https:\/\/schema.org\",\"@graph\":[{\"@type\":\"WebPage\",\"@id\":\"https:\/\/www.garanceaudit.com\/en\/evaluation-and-transmission\/\",\"url\":\"https:\/\/www.garanceaudit.com\/en\/evaluation-and-transmission\/\",\"name\":\"Evaluation and transmission - Garance Audit\",\"isPartOf\":{\"@id\":\"https:\/\/www.garanceaudit.com\/#website\"},\"datePublished\":\"2019-12-01T15:01:44+00:00\",\"dateModified\":\"2019-12-12T15:29:08+00:00\",\"breadcrumb\":{\"@id\":\"https:\/\/www.garanceaudit.com\/en\/evaluation-and-transmission\/#breadcrumb\"},\"inLanguage\":\"en-US\",\"potentialAction\":[{\"@type\":\"ReadAction\",\"target\":[\"https:\/\/www.garanceaudit.com\/en\/evaluation-and-transmission\/\"]}]},{\"@type\":\"BreadcrumbList\",\"@id\":\"https:\/\/www.garanceaudit.com\/en\/evaluation-and-transmission\/#breadcrumb\",\"itemListElement\":[{\"@type\":\"ListItem\",\"position\":1,\"name\":\"Accueil\",\"item\":\"https:\/\/www.garanceaudit.com\/en\/\"},{\"@type\":\"ListItem\",\"position\":2,\"name\":\"Evaluation and transmission\"}]},{\"@type\":\"WebSite\",\"@id\":\"https:\/\/www.garanceaudit.com\/#website\",\"url\":\"https:\/\/www.garanceaudit.com\/\",\"name\":\"Garance Audit\",\"description\":\"Cabinet comptable sp\u00e9cialis\u00e9 dans l&#039;industrie cin\u00e9matographique\",\"potentialAction\":[{\"@type\":\"SearchAction\",\"target\":{\"@type\":\"EntryPoint\",\"urlTemplate\":\"https:\/\/www.garanceaudit.com\/?s={search_term_string}\"},\"query-input\":\"required name=search_term_string\"}],\"inLanguage\":\"en-US\"}]}<\/script>\n<!-- \/ Yoast SEO plugin. -->","yoast_head_json":{"title":"Evaluation and transmission - Garance Audit","robots":{"index":"index","follow":"follow","max-snippet":"max-snippet:-1","max-image-preview":"max-image-preview:large","max-video-preview":"max-video-preview:-1"},"canonical":"https:\/\/www.garanceaudit.com\/en\/evaluation-and-transmission\/","og_locale":"en_US","og_type":"article","og_title":"Evaluation and transmission - Garance Audit","og_description":"&nbsp; &nbsp; &nbsp; &nbsp; You\u2019re looking to sell your company or are looking to take on new associates? You\u2019re looking for a company to acquire and need expert assistance in estimating financial value? &nbsp; What Garance Audit can do for you We prepare the presentation and financial value estimation file for your company. We carry&hellip;","og_url":"https:\/\/www.garanceaudit.com\/en\/evaluation-and-transmission\/","og_site_name":"Garance Audit","article_modified_time":"2019-12-12T15:29:08+00:00","twitter_card":"summary_large_image","twitter_misc":{"Est. reading time":"1 minute"},"schema":{"@context":"https:\/\/schema.org","@graph":[{"@type":"WebPage","@id":"https:\/\/www.garanceaudit.com\/en\/evaluation-and-transmission\/","url":"https:\/\/www.garanceaudit.com\/en\/evaluation-and-transmission\/","name":"Evaluation and transmission - Garance Audit","isPartOf":{"@id":"https:\/\/www.garanceaudit.com\/#website"},"datePublished":"2019-12-01T15:01:44+00:00","dateModified":"2019-12-12T15:29:08+00:00","breadcrumb":{"@id":"https:\/\/www.garanceaudit.com\/en\/evaluation-and-transmission\/#breadcrumb"},"inLanguage":"en-US","potentialAction":[{"@type":"ReadAction","target":["https:\/\/www.garanceaudit.com\/en\/evaluation-and-transmission\/"]}]},{"@type":"BreadcrumbList","@id":"https:\/\/www.garanceaudit.com\/en\/evaluation-and-transmission\/#breadcrumb","itemListElement":[{"@type":"ListItem","position":1,"name":"Accueil","item":"https:\/\/www.garanceaudit.com\/en\/"},{"@type":"ListItem","position":2,"name":"Evaluation and transmission"}]},{"@type":"WebSite","@id":"https:\/\/www.garanceaudit.com\/#website","url":"https:\/\/www.garanceaudit.com\/","name":"Garance Audit","description":"Cabinet comptable sp\u00e9cialis\u00e9 dans l&#039;industrie cin\u00e9matographique","potentialAction":[{"@type":"SearchAction","target":{"@type":"EntryPoint","urlTemplate":"https:\/\/www.garanceaudit.com\/?s={search_term_string}"},"query-input":"required name=search_term_string"}],"inLanguage":"en-US"}]}},"_links":{"self":[{"href":"https:\/\/www.garanceaudit.com\/en\/wp-json\/wp\/v2\/pages\/512"}],"collection":[{"href":"https:\/\/www.garanceaudit.com\/en\/wp-json\/wp\/v2\/pages"}],"about":[{"href":"https:\/\/www.garanceaudit.com\/en\/wp-json\/wp\/v2\/types\/page"}],"author":[{"embeddable":true,"href":"https:\/\/www.garanceaudit.com\/en\/wp-json\/wp\/v2\/users\/3"}],"replies":[{"embeddable":true,"href":"https:\/\/www.garanceaudit.com\/en\/wp-json\/wp\/v2\/comments?post=512"}],"version-history":[{"count":0,"href":"https:\/\/www.garanceaudit.com\/en\/wp-json\/wp\/v2\/pages\/512\/revisions"}],"wp:attachment":[{"href":"https:\/\/www.garanceaudit.com\/en\/wp-json\/wp\/v2\/media?parent=512"}],"curies":[{"name":"wp","href":"https:\/\/api.w.org\/{rel}","templated":true}]}}