{"id":515,"date":"2019-12-01T16:08:46","date_gmt":"2019-12-01T15:08:46","guid":{"rendered":"https:\/\/www.garanceaudit.com\/real-estate-wealth-tax-impot-sur-la-fortune-immobiliere-ifi\/"},"modified":"2019-12-12T16:29:23","modified_gmt":"2019-12-12T15:29:23","slug":"real-estate-wealth-tax-impot-sur-la-fortune-immobiliere-ifi","status":"publish","type":"page","link":"https:\/\/www.garanceaudit.com\/en\/real-estate-wealth-tax-impot-sur-la-fortune-immobiliere-ifi\/","title":{"rendered":"Real Estate Wealth Tax (Imp\u00f4t sur la fortune immobili\u00e8re &#8211; IFI)"},"content":{"rendered":"\n\t<p>&nbsp;<\/p>\n<p>&nbsp;<\/p>\n<p>&nbsp;<\/p>\n<p>&nbsp;<\/p>\n\t<h2><\/h2>\n\t<p>You would like assistance in drawing up your real estate wealth tax declaration, or wish to delegate it, in order to find out what tax you have to pay and plan ahead?<\/p>\n<p>Do you want to find out more about regulatory developments that you can benefit from and learn how to secure and improve your tax efficiency bearing in mind your personal situation?<\/p>\n\t<h3>What Garance Audit can do for you<strong><br \/>\n<\/strong><\/h3>\n<p>We keep you updated on regulatory developments as they come into effect in order to provide for the optimisation of your tax situation.<\/p>\n<p>We help you draw up your real estate wealth tax declaration.<\/p>\n<h3><\/h3>\n<h3><\/h3>\n\t<h3>Why Choose Garance Audit?<\/h3>\n<ul>\n<li>We calculate your tax precisely and inform you of the payment deadlines for the upcoming year.<\/li>\n<li>We can study the feasible optimisations for your estate and your real estate wealth tax.<\/li>\n<\/ul>\n\t<h3>Optimising your real estate wealth tax contributes to your peace of mind.<\/h3>\n<p>You no longer have to deal with complex, time-consuming tax declarations. <\/p>\n<p>You save a significant amount of time.<\/p>\nYou\u2019re always up to date as regards possible tax reductions and can plan ahead for tax expenses.<br \/>\n&nbsp;\n\t\t\t<a href=\"https:\/\/www.garanceaudit.com\/en\/contact\/\" target=\"_self\" role=\"button\" rel=\"noopener noreferrer\">\n\t\t\t\t\t\t\tCONTACT US FOR A PERSONALISED OFFER\n\t\t\t\t\t<\/a>\n","protected":false},"excerpt":{"rendered":"<p>&nbsp; &nbsp; &nbsp; &nbsp; You would like assistance in drawing up your real estate wealth tax declaration, or wish to delegate it, in order to find out what tax you have to pay and plan ahead? Do you want to find out more about regulatory developments that you can benefit from and learn how to&hellip;<\/p>\n","protected":false},"author":3,"featured_media":0,"parent":0,"menu_order":0,"comment_status":"closed","ping_status":"closed","template":"","meta":[],"yoast_head":"<!-- This site is optimized with the Yoast SEO plugin v21.8 - https:\/\/yoast.com\/wordpress\/plugins\/seo\/ -->\n<title>Real Estate Wealth Tax (Imp\u00f4t sur la fortune immobili\u00e8re - IFI) - Garance Audit<\/title>\n<meta name=\"robots\" content=\"index, follow, max-snippet:-1, max-image-preview:large, max-video-preview:-1\" \/>\n<link rel=\"canonical\" href=\"https:\/\/www.garanceaudit.com\/en\/real-estate-wealth-tax-impot-sur-la-fortune-immobiliere-ifi\/\" \/>\n<meta property=\"og:locale\" content=\"en_US\" \/>\n<meta property=\"og:type\" content=\"article\" \/>\n<meta property=\"og:title\" content=\"Real Estate Wealth Tax (Imp\u00f4t sur la fortune immobili\u00e8re - IFI) - Garance Audit\" \/>\n<meta property=\"og:description\" content=\"&nbsp; &nbsp; &nbsp; &nbsp; You would like assistance in drawing up your real estate wealth tax declaration, or wish to delegate it, in order to find out what tax you have to pay and plan ahead? Do you want to find out more about regulatory developments that you can benefit from and learn how to&hellip;\" \/>\n<meta property=\"og:url\" content=\"https:\/\/www.garanceaudit.com\/en\/real-estate-wealth-tax-impot-sur-la-fortune-immobiliere-ifi\/\" \/>\n<meta property=\"og:site_name\" content=\"Garance Audit\" \/>\n<meta property=\"article:modified_time\" content=\"2019-12-12T15:29:23+00:00\" \/>\n<meta name=\"twitter:card\" content=\"summary_large_image\" \/>\n<meta name=\"twitter:label1\" content=\"Est. reading time\" \/>\n\t<meta name=\"twitter:data1\" content=\"1 minute\" \/>\n<script type=\"application\/ld+json\" class=\"yoast-schema-graph\">{\"@context\":\"https:\/\/schema.org\",\"@graph\":[{\"@type\":\"WebPage\",\"@id\":\"https:\/\/www.garanceaudit.com\/en\/real-estate-wealth-tax-impot-sur-la-fortune-immobiliere-ifi\/\",\"url\":\"https:\/\/www.garanceaudit.com\/en\/real-estate-wealth-tax-impot-sur-la-fortune-immobiliere-ifi\/\",\"name\":\"Real Estate Wealth Tax (Imp\u00f4t sur la fortune immobili\u00e8re - IFI) - Garance Audit\",\"isPartOf\":{\"@id\":\"https:\/\/www.garanceaudit.com\/#website\"},\"datePublished\":\"2019-12-01T15:08:46+00:00\",\"dateModified\":\"2019-12-12T15:29:23+00:00\",\"breadcrumb\":{\"@id\":\"https:\/\/www.garanceaudit.com\/en\/real-estate-wealth-tax-impot-sur-la-fortune-immobiliere-ifi\/#breadcrumb\"},\"inLanguage\":\"en-US\",\"potentialAction\":[{\"@type\":\"ReadAction\",\"target\":[\"https:\/\/www.garanceaudit.com\/en\/real-estate-wealth-tax-impot-sur-la-fortune-immobiliere-ifi\/\"]}]},{\"@type\":\"BreadcrumbList\",\"@id\":\"https:\/\/www.garanceaudit.com\/en\/real-estate-wealth-tax-impot-sur-la-fortune-immobiliere-ifi\/#breadcrumb\",\"itemListElement\":[{\"@type\":\"ListItem\",\"position\":1,\"name\":\"Accueil\",\"item\":\"https:\/\/www.garanceaudit.com\/en\/\"},{\"@type\":\"ListItem\",\"position\":2,\"name\":\"Real Estate Wealth Tax (Imp\u00f4t sur la fortune immobili\u00e8re &#8211; IFI)\"}]},{\"@type\":\"WebSite\",\"@id\":\"https:\/\/www.garanceaudit.com\/#website\",\"url\":\"https:\/\/www.garanceaudit.com\/\",\"name\":\"Garance Audit\",\"description\":\"Cabinet comptable sp\u00e9cialis\u00e9 dans l&#039;industrie cin\u00e9matographique\",\"potentialAction\":[{\"@type\":\"SearchAction\",\"target\":{\"@type\":\"EntryPoint\",\"urlTemplate\":\"https:\/\/www.garanceaudit.com\/?s={search_term_string}\"},\"query-input\":\"required name=search_term_string\"}],\"inLanguage\":\"en-US\"}]}<\/script>\n<!-- \/ Yoast SEO plugin. -->","yoast_head_json":{"title":"Real Estate Wealth Tax (Imp\u00f4t sur la fortune immobili\u00e8re - IFI) - Garance Audit","robots":{"index":"index","follow":"follow","max-snippet":"max-snippet:-1","max-image-preview":"max-image-preview:large","max-video-preview":"max-video-preview:-1"},"canonical":"https:\/\/www.garanceaudit.com\/en\/real-estate-wealth-tax-impot-sur-la-fortune-immobiliere-ifi\/","og_locale":"en_US","og_type":"article","og_title":"Real Estate Wealth Tax (Imp\u00f4t sur la fortune immobili\u00e8re - IFI) - Garance Audit","og_description":"&nbsp; &nbsp; &nbsp; &nbsp; You would like assistance in drawing up your real estate wealth tax declaration, or wish to delegate it, in order to find out what tax you have to pay and plan ahead? Do you want to find out more about regulatory developments that you can benefit from and learn how to&hellip;","og_url":"https:\/\/www.garanceaudit.com\/en\/real-estate-wealth-tax-impot-sur-la-fortune-immobiliere-ifi\/","og_site_name":"Garance Audit","article_modified_time":"2019-12-12T15:29:23+00:00","twitter_card":"summary_large_image","twitter_misc":{"Est. reading time":"1 minute"},"schema":{"@context":"https:\/\/schema.org","@graph":[{"@type":"WebPage","@id":"https:\/\/www.garanceaudit.com\/en\/real-estate-wealth-tax-impot-sur-la-fortune-immobiliere-ifi\/","url":"https:\/\/www.garanceaudit.com\/en\/real-estate-wealth-tax-impot-sur-la-fortune-immobiliere-ifi\/","name":"Real Estate Wealth Tax (Imp\u00f4t sur la fortune immobili\u00e8re - IFI) - Garance Audit","isPartOf":{"@id":"https:\/\/www.garanceaudit.com\/#website"},"datePublished":"2019-12-01T15:08:46+00:00","dateModified":"2019-12-12T15:29:23+00:00","breadcrumb":{"@id":"https:\/\/www.garanceaudit.com\/en\/real-estate-wealth-tax-impot-sur-la-fortune-immobiliere-ifi\/#breadcrumb"},"inLanguage":"en-US","potentialAction":[{"@type":"ReadAction","target":["https:\/\/www.garanceaudit.com\/en\/real-estate-wealth-tax-impot-sur-la-fortune-immobiliere-ifi\/"]}]},{"@type":"BreadcrumbList","@id":"https:\/\/www.garanceaudit.com\/en\/real-estate-wealth-tax-impot-sur-la-fortune-immobiliere-ifi\/#breadcrumb","itemListElement":[{"@type":"ListItem","position":1,"name":"Accueil","item":"https:\/\/www.garanceaudit.com\/en\/"},{"@type":"ListItem","position":2,"name":"Real Estate Wealth Tax (Imp\u00f4t sur la fortune immobili\u00e8re &#8211; IFI)"}]},{"@type":"WebSite","@id":"https:\/\/www.garanceaudit.com\/#website","url":"https:\/\/www.garanceaudit.com\/","name":"Garance Audit","description":"Cabinet comptable sp\u00e9cialis\u00e9 dans l&#039;industrie cin\u00e9matographique","potentialAction":[{"@type":"SearchAction","target":{"@type":"EntryPoint","urlTemplate":"https:\/\/www.garanceaudit.com\/?s={search_term_string}"},"query-input":"required name=search_term_string"}],"inLanguage":"en-US"}]}},"_links":{"self":[{"href":"https:\/\/www.garanceaudit.com\/en\/wp-json\/wp\/v2\/pages\/515"}],"collection":[{"href":"https:\/\/www.garanceaudit.com\/en\/wp-json\/wp\/v2\/pages"}],"about":[{"href":"https:\/\/www.garanceaudit.com\/en\/wp-json\/wp\/v2\/types\/page"}],"author":[{"embeddable":true,"href":"https:\/\/www.garanceaudit.com\/en\/wp-json\/wp\/v2\/users\/3"}],"replies":[{"embeddable":true,"href":"https:\/\/www.garanceaudit.com\/en\/wp-json\/wp\/v2\/comments?post=515"}],"version-history":[{"count":0,"href":"https:\/\/www.garanceaudit.com\/en\/wp-json\/wp\/v2\/pages\/515\/revisions"}],"wp:attachment":[{"href":"https:\/\/www.garanceaudit.com\/en\/wp-json\/wp\/v2\/media?parent=515"}],"curies":[{"name":"wp","href":"https:\/\/api.w.org\/{rel}","templated":true}]}}