{"id":524,"date":"2019-12-02T11:34:10","date_gmt":"2019-12-02T10:34:10","guid":{"rendered":"https:\/\/www.garanceaudit.com\/budget-projection\/"},"modified":"2019-12-12T16:30:51","modified_gmt":"2019-12-12T15:30:51","slug":"budget-projection","status":"publish","type":"page","link":"https:\/\/www.garanceaudit.com\/en\/budget-projection\/","title":{"rendered":"Budget Projection"},"content":{"rendered":"\n\t<p>&nbsp;<\/p>\n<p>&nbsp;<\/p>\n<p>&nbsp;<\/p>\n<p>&nbsp;<\/p>\n\t<h2><\/h2>\n\t<p>Do you have a new investment of which you wish to ensure the viability?<\/p>\n<p>Do you need to reassure your bankers as to your future profits?<\/p>\n<p>Do you want to know your turnover at dead point, yearly, monthly, day by day?<\/p>\n<p>Do you want to control your fixed costs and adapt them to your new level of activity?<\/p>\n\t<h3>What Garance Audit can do for you<strong><br \/>\n<\/strong><\/h3>\n<p>We can design a model for your provisional budget and adapt it according to different budgetary hypotheses.<\/p>\n<p>We update it throughout the year, taking into account any new events.<\/p>\n<h3><\/h3>\n<h3><\/h3>\n\t<h3>Why Choose Garance Audit?<\/h3>\n<ul>\n<li>We give you regular budget overrun alerts.<\/li>\n<li>We suggest corrective measures before any major damage is done.<\/li>\n<li>We clarify difficult or complex situations.<\/li>\n<li>We make it easier for you to make a decision.<\/li>\n<\/ul>\n\t<h3>A provisional budget, allows to you carefully plan ahead for your company.<\/h3>\n<p>You have a quantified representation of your business plan, regularly brought up to date.<\/p>\n<p>You thus reduce any risk of \u201cbudgetary slip\u201d during the course of the year.<\/p>\n<p>You give yourself the means of reassuring your financial partners and bringing greater involvement from your management and staff.<\/p>\n\t\t\t<a href=\"https:\/\/www.garanceaudit.com\/en\/contact\/\" target=\"_self\" role=\"button\" rel=\"noopener noreferrer\">\n\t\t\t\t\t\t\tCONTACT US FOR A PERSONALISED OFFER\n\t\t\t\t\t<\/a>\n","protected":false},"excerpt":{"rendered":"<p>&nbsp; &nbsp; &nbsp; &nbsp; Do you have a new investment of which you wish to ensure the viability? Do you need to reassure your bankers as to your future profits? Do you want to know your turnover at dead point, yearly, monthly, day by day? Do you want to control your fixed costs and adapt&hellip;<\/p>\n","protected":false},"author":3,"featured_media":0,"parent":0,"menu_order":0,"comment_status":"closed","ping_status":"closed","template":"","meta":[],"yoast_head":"<!-- This site is optimized with the Yoast SEO plugin v21.8 - https:\/\/yoast.com\/wordpress\/plugins\/seo\/ -->\n<title>Budget Projection - Garance Audit<\/title>\n<meta name=\"robots\" content=\"index, follow, max-snippet:-1, max-image-preview:large, max-video-preview:-1\" \/>\n<link rel=\"canonical\" href=\"https:\/\/www.garanceaudit.com\/en\/budget-projection\/\" \/>\n<meta property=\"og:locale\" content=\"en_US\" \/>\n<meta property=\"og:type\" content=\"article\" \/>\n<meta property=\"og:title\" content=\"Budget Projection - Garance Audit\" \/>\n<meta property=\"og:description\" content=\"&nbsp; &nbsp; &nbsp; &nbsp; Do you have a new investment of which you wish to ensure the viability? Do you need to reassure your bankers as to your future profits? Do you want to know your turnover at dead point, yearly, monthly, day by day? Do you want to control your fixed costs and adapt&hellip;\" \/>\n<meta property=\"og:url\" content=\"https:\/\/www.garanceaudit.com\/en\/budget-projection\/\" \/>\n<meta property=\"og:site_name\" content=\"Garance Audit\" \/>\n<meta property=\"article:modified_time\" content=\"2019-12-12T15:30:51+00:00\" \/>\n<meta name=\"twitter:card\" content=\"summary_large_image\" \/>\n<meta name=\"twitter:label1\" content=\"Est. reading time\" \/>\n\t<meta name=\"twitter:data1\" content=\"1 minute\" \/>\n<script type=\"application\/ld+json\" class=\"yoast-schema-graph\">{\"@context\":\"https:\/\/schema.org\",\"@graph\":[{\"@type\":\"WebPage\",\"@id\":\"https:\/\/www.garanceaudit.com\/en\/budget-projection\/\",\"url\":\"https:\/\/www.garanceaudit.com\/en\/budget-projection\/\",\"name\":\"Budget Projection - Garance Audit\",\"isPartOf\":{\"@id\":\"https:\/\/www.garanceaudit.com\/#website\"},\"datePublished\":\"2019-12-02T10:34:10+00:00\",\"dateModified\":\"2019-12-12T15:30:51+00:00\",\"breadcrumb\":{\"@id\":\"https:\/\/www.garanceaudit.com\/en\/budget-projection\/#breadcrumb\"},\"inLanguage\":\"en-US\",\"potentialAction\":[{\"@type\":\"ReadAction\",\"target\":[\"https:\/\/www.garanceaudit.com\/en\/budget-projection\/\"]}]},{\"@type\":\"BreadcrumbList\",\"@id\":\"https:\/\/www.garanceaudit.com\/en\/budget-projection\/#breadcrumb\",\"itemListElement\":[{\"@type\":\"ListItem\",\"position\":1,\"name\":\"Accueil\",\"item\":\"https:\/\/www.garanceaudit.com\/en\/\"},{\"@type\":\"ListItem\",\"position\":2,\"name\":\"Budget Projection\"}]},{\"@type\":\"WebSite\",\"@id\":\"https:\/\/www.garanceaudit.com\/#website\",\"url\":\"https:\/\/www.garanceaudit.com\/\",\"name\":\"Garance Audit\",\"description\":\"Cabinet comptable sp\u00e9cialis\u00e9 dans l&#039;industrie cin\u00e9matographique\",\"potentialAction\":[{\"@type\":\"SearchAction\",\"target\":{\"@type\":\"EntryPoint\",\"urlTemplate\":\"https:\/\/www.garanceaudit.com\/?s={search_term_string}\"},\"query-input\":\"required name=search_term_string\"}],\"inLanguage\":\"en-US\"}]}<\/script>\n<!-- \/ Yoast SEO plugin. -->","yoast_head_json":{"title":"Budget Projection - Garance Audit","robots":{"index":"index","follow":"follow","max-snippet":"max-snippet:-1","max-image-preview":"max-image-preview:large","max-video-preview":"max-video-preview:-1"},"canonical":"https:\/\/www.garanceaudit.com\/en\/budget-projection\/","og_locale":"en_US","og_type":"article","og_title":"Budget Projection - Garance Audit","og_description":"&nbsp; &nbsp; &nbsp; &nbsp; Do you have a new investment of which you wish to ensure the viability? Do you need to reassure your bankers as to your future profits? Do you want to know your turnover at dead point, yearly, monthly, day by day? Do you want to control your fixed costs and adapt&hellip;","og_url":"https:\/\/www.garanceaudit.com\/en\/budget-projection\/","og_site_name":"Garance Audit","article_modified_time":"2019-12-12T15:30:51+00:00","twitter_card":"summary_large_image","twitter_misc":{"Est. reading time":"1 minute"},"schema":{"@context":"https:\/\/schema.org","@graph":[{"@type":"WebPage","@id":"https:\/\/www.garanceaudit.com\/en\/budget-projection\/","url":"https:\/\/www.garanceaudit.com\/en\/budget-projection\/","name":"Budget Projection - Garance Audit","isPartOf":{"@id":"https:\/\/www.garanceaudit.com\/#website"},"datePublished":"2019-12-02T10:34:10+00:00","dateModified":"2019-12-12T15:30:51+00:00","breadcrumb":{"@id":"https:\/\/www.garanceaudit.com\/en\/budget-projection\/#breadcrumb"},"inLanguage":"en-US","potentialAction":[{"@type":"ReadAction","target":["https:\/\/www.garanceaudit.com\/en\/budget-projection\/"]}]},{"@type":"BreadcrumbList","@id":"https:\/\/www.garanceaudit.com\/en\/budget-projection\/#breadcrumb","itemListElement":[{"@type":"ListItem","position":1,"name":"Accueil","item":"https:\/\/www.garanceaudit.com\/en\/"},{"@type":"ListItem","position":2,"name":"Budget Projection"}]},{"@type":"WebSite","@id":"https:\/\/www.garanceaudit.com\/#website","url":"https:\/\/www.garanceaudit.com\/","name":"Garance Audit","description":"Cabinet comptable sp\u00e9cialis\u00e9 dans l&#039;industrie cin\u00e9matographique","potentialAction":[{"@type":"SearchAction","target":{"@type":"EntryPoint","urlTemplate":"https:\/\/www.garanceaudit.com\/?s={search_term_string}"},"query-input":"required name=search_term_string"}],"inLanguage":"en-US"}]}},"_links":{"self":[{"href":"https:\/\/www.garanceaudit.com\/en\/wp-json\/wp\/v2\/pages\/524"}],"collection":[{"href":"https:\/\/www.garanceaudit.com\/en\/wp-json\/wp\/v2\/pages"}],"about":[{"href":"https:\/\/www.garanceaudit.com\/en\/wp-json\/wp\/v2\/types\/page"}],"author":[{"embeddable":true,"href":"https:\/\/www.garanceaudit.com\/en\/wp-json\/wp\/v2\/users\/3"}],"replies":[{"embeddable":true,"href":"https:\/\/www.garanceaudit.com\/en\/wp-json\/wp\/v2\/comments?post=524"}],"version-history":[{"count":0,"href":"https:\/\/www.garanceaudit.com\/en\/wp-json\/wp\/v2\/pages\/524\/revisions"}],"wp:attachment":[{"href":"https:\/\/www.garanceaudit.com\/en\/wp-json\/wp\/v2\/media?parent=524"}],"curies":[{"name":"wp","href":"https:\/\/api.w.org\/{rel}","templated":true}]}}