{"id":527,"date":"2019-12-02T11:42:34","date_gmt":"2019-12-02T10:42:34","guid":{"rendered":"https:\/\/www.garanceaudit.com\/mid-year-financial-report\/"},"modified":"2019-12-12T16:31:05","modified_gmt":"2019-12-12T15:31:05","slug":"mid-year-financial-report","status":"publish","type":"page","link":"https:\/\/www.garanceaudit.com\/en\/mid-year-financial-report\/","title":{"rendered":"Mid-year financial report"},"content":{"rendered":"\n\t<p>&nbsp;<\/p>\n<p>&nbsp;<\/p>\n<p>&nbsp;<\/p>\n<p>&nbsp;<\/p>\n\t<h2><\/h2>\n\t<p>Without waiting for the end of year balance sheet, you need a mid-year report?<\/p>\n<p>Do you want to control your budget and steer your business?<\/p>\n\t<h3>What Garance Audit can do for you<strong><br \/>\n<\/strong><\/h3>\n<p>Whether at regular intervals or on an ad hoc basis, we can provide you with a mid-year report in the form of your annual accounts.<\/p>\n<h3><\/h3>\n<h3><\/h3>\n\t<h3>Why Choose Garance Audit?<\/h3>\n<ul>\n<li>The <strong>mid-year report<\/strong> allows you to control several critical criteria. Don\u2019t wait until the end of your financial year to make strategic decisions.<\/li>\n<li>Because they result from clear information at a given time, your decisions will thus be better adapted.<\/li>\n<\/ul>\n\t<h3>The mid-year report provides forward planning and security for your company.<\/h3>\n<p>Assisted by your expert, you will be able to analyse the evolution of your activity, clarify a situation, and make the right decisions.<\/p>\n\t\t\t<a href=\"https:\/\/www.garanceaudit.com\/en\/contact\/\" target=\"_self\" role=\"button\" rel=\"noopener noreferrer\">\n\t\t\t\t\t\t\tCONTACT US FOR A PERSONALISED OFFER\n\t\t\t\t\t<\/a>\n","protected":false},"excerpt":{"rendered":"<p>&nbsp; &nbsp; &nbsp; &nbsp; Without waiting for the end of year balance sheet, you need a mid-year report? Do you want to control your budget and steer your business? What Garance Audit can do for you Whether at regular intervals or on an ad hoc basis, we can provide you with a mid-year report in&hellip;<\/p>\n","protected":false},"author":3,"featured_media":0,"parent":0,"menu_order":0,"comment_status":"closed","ping_status":"closed","template":"","meta":[],"yoast_head":"<!-- This site is optimized with the Yoast SEO plugin v21.8 - https:\/\/yoast.com\/wordpress\/plugins\/seo\/ -->\n<title>Mid-year financial report - Garance Audit<\/title>\n<meta name=\"robots\" content=\"index, follow, max-snippet:-1, max-image-preview:large, max-video-preview:-1\" \/>\n<link rel=\"canonical\" href=\"https:\/\/www.garanceaudit.com\/en\/mid-year-financial-report\/\" \/>\n<meta property=\"og:locale\" content=\"en_US\" \/>\n<meta property=\"og:type\" content=\"article\" \/>\n<meta property=\"og:title\" content=\"Mid-year financial report - Garance Audit\" \/>\n<meta property=\"og:description\" content=\"&nbsp; &nbsp; &nbsp; &nbsp; Without waiting for the end of year balance sheet, you need a mid-year report? Do you want to control your budget and steer your business? What Garance Audit can do for you Whether at regular intervals or on an ad hoc basis, we can provide you with a mid-year report in&hellip;\" \/>\n<meta property=\"og:url\" content=\"https:\/\/www.garanceaudit.com\/en\/mid-year-financial-report\/\" \/>\n<meta property=\"og:site_name\" content=\"Garance Audit\" \/>\n<meta property=\"article:modified_time\" content=\"2019-12-12T15:31:05+00:00\" \/>\n<meta name=\"twitter:card\" content=\"summary_large_image\" \/>\n<meta name=\"twitter:label1\" content=\"Est. reading time\" \/>\n\t<meta name=\"twitter:data1\" content=\"1 minute\" \/>\n<script type=\"application\/ld+json\" class=\"yoast-schema-graph\">{\"@context\":\"https:\/\/schema.org\",\"@graph\":[{\"@type\":\"WebPage\",\"@id\":\"https:\/\/www.garanceaudit.com\/en\/mid-year-financial-report\/\",\"url\":\"https:\/\/www.garanceaudit.com\/en\/mid-year-financial-report\/\",\"name\":\"Mid-year financial report - Garance Audit\",\"isPartOf\":{\"@id\":\"https:\/\/www.garanceaudit.com\/#website\"},\"datePublished\":\"2019-12-02T10:42:34+00:00\",\"dateModified\":\"2019-12-12T15:31:05+00:00\",\"breadcrumb\":{\"@id\":\"https:\/\/www.garanceaudit.com\/en\/mid-year-financial-report\/#breadcrumb\"},\"inLanguage\":\"en-US\",\"potentialAction\":[{\"@type\":\"ReadAction\",\"target\":[\"https:\/\/www.garanceaudit.com\/en\/mid-year-financial-report\/\"]}]},{\"@type\":\"BreadcrumbList\",\"@id\":\"https:\/\/www.garanceaudit.com\/en\/mid-year-financial-report\/#breadcrumb\",\"itemListElement\":[{\"@type\":\"ListItem\",\"position\":1,\"name\":\"Accueil\",\"item\":\"https:\/\/www.garanceaudit.com\/en\/\"},{\"@type\":\"ListItem\",\"position\":2,\"name\":\"Mid-year financial report\"}]},{\"@type\":\"WebSite\",\"@id\":\"https:\/\/www.garanceaudit.com\/#website\",\"url\":\"https:\/\/www.garanceaudit.com\/\",\"name\":\"Garance Audit\",\"description\":\"Cabinet comptable sp\u00e9cialis\u00e9 dans l&#039;industrie cin\u00e9matographique\",\"potentialAction\":[{\"@type\":\"SearchAction\",\"target\":{\"@type\":\"EntryPoint\",\"urlTemplate\":\"https:\/\/www.garanceaudit.com\/?s={search_term_string}\"},\"query-input\":\"required name=search_term_string\"}],\"inLanguage\":\"en-US\"}]}<\/script>\n<!-- \/ Yoast SEO plugin. -->","yoast_head_json":{"title":"Mid-year financial report - Garance Audit","robots":{"index":"index","follow":"follow","max-snippet":"max-snippet:-1","max-image-preview":"max-image-preview:large","max-video-preview":"max-video-preview:-1"},"canonical":"https:\/\/www.garanceaudit.com\/en\/mid-year-financial-report\/","og_locale":"en_US","og_type":"article","og_title":"Mid-year financial report - Garance Audit","og_description":"&nbsp; &nbsp; &nbsp; &nbsp; Without waiting for the end of year balance sheet, you need a mid-year report? Do you want to control your budget and steer your business? What Garance Audit can do for you Whether at regular intervals or on an ad hoc basis, we can provide you with a mid-year report in&hellip;","og_url":"https:\/\/www.garanceaudit.com\/en\/mid-year-financial-report\/","og_site_name":"Garance Audit","article_modified_time":"2019-12-12T15:31:05+00:00","twitter_card":"summary_large_image","twitter_misc":{"Est. reading time":"1 minute"},"schema":{"@context":"https:\/\/schema.org","@graph":[{"@type":"WebPage","@id":"https:\/\/www.garanceaudit.com\/en\/mid-year-financial-report\/","url":"https:\/\/www.garanceaudit.com\/en\/mid-year-financial-report\/","name":"Mid-year financial report - Garance Audit","isPartOf":{"@id":"https:\/\/www.garanceaudit.com\/#website"},"datePublished":"2019-12-02T10:42:34+00:00","dateModified":"2019-12-12T15:31:05+00:00","breadcrumb":{"@id":"https:\/\/www.garanceaudit.com\/en\/mid-year-financial-report\/#breadcrumb"},"inLanguage":"en-US","potentialAction":[{"@type":"ReadAction","target":["https:\/\/www.garanceaudit.com\/en\/mid-year-financial-report\/"]}]},{"@type":"BreadcrumbList","@id":"https:\/\/www.garanceaudit.com\/en\/mid-year-financial-report\/#breadcrumb","itemListElement":[{"@type":"ListItem","position":1,"name":"Accueil","item":"https:\/\/www.garanceaudit.com\/en\/"},{"@type":"ListItem","position":2,"name":"Mid-year financial report"}]},{"@type":"WebSite","@id":"https:\/\/www.garanceaudit.com\/#website","url":"https:\/\/www.garanceaudit.com\/","name":"Garance Audit","description":"Cabinet comptable sp\u00e9cialis\u00e9 dans l&#039;industrie cin\u00e9matographique","potentialAction":[{"@type":"SearchAction","target":{"@type":"EntryPoint","urlTemplate":"https:\/\/www.garanceaudit.com\/?s={search_term_string}"},"query-input":"required name=search_term_string"}],"inLanguage":"en-US"}]}},"_links":{"self":[{"href":"https:\/\/www.garanceaudit.com\/en\/wp-json\/wp\/v2\/pages\/527"}],"collection":[{"href":"https:\/\/www.garanceaudit.com\/en\/wp-json\/wp\/v2\/pages"}],"about":[{"href":"https:\/\/www.garanceaudit.com\/en\/wp-json\/wp\/v2\/types\/page"}],"author":[{"embeddable":true,"href":"https:\/\/www.garanceaudit.com\/en\/wp-json\/wp\/v2\/users\/3"}],"replies":[{"embeddable":true,"href":"https:\/\/www.garanceaudit.com\/en\/wp-json\/wp\/v2\/comments?post=527"}],"version-history":[{"count":0,"href":"https:\/\/www.garanceaudit.com\/en\/wp-json\/wp\/v2\/pages\/527\/revisions"}],"wp:attachment":[{"href":"https:\/\/www.garanceaudit.com\/en\/wp-json\/wp\/v2\/media?parent=527"}],"curies":[{"name":"wp","href":"https:\/\/api.w.org\/{rel}","templated":true}]}}