{"id":530,"date":"2019-12-02T11:53:43","date_gmt":"2019-12-02T10:53:43","guid":{"rendered":"https:\/\/www.garanceaudit.com\/outsourcing-back-office-work\/"},"modified":"2019-12-12T16:31:19","modified_gmt":"2019-12-12T15:31:19","slug":"outsourcing-back-office-work","status":"publish","type":"page","link":"https:\/\/www.garanceaudit.com\/en\/outsourcing-back-office-work\/","title":{"rendered":"Outsourcing back office work"},"content":{"rendered":"\n\t<p>&nbsp;<\/p>\n<p>&nbsp;<\/p>\n<p>&nbsp;<\/p>\n<p>&nbsp;<\/p>\n\t<h2><\/h2>\n\t<p>You temporarily or permanently lack the necessary human or technical resources?<\/p>\n<p>You\u2019ve decided to outsource non-strategic administrative tasks?<\/p>\n\t<h3>What Garance Audit can do for you<strong><br \/>\n<\/strong><\/h3>\n<p>We take care of your non-strategic administrative tasks: administrative tasks related to clients or suppliers, or general business admin work.<\/p>\n<h3><\/h3>\n<h3><\/h3>\n\t<h3>Why Choose Garance Audit?<\/h3>\n<ul>\n<li>We can run up your invoices and follow up on client payments.<\/li>\n<li>We can prepare remittances for cheques and bank draughts.<\/li>\n<li>We can prepare and follow up on payments to suppliers.<\/li>\n<li>We can manage expense reports.<\/li>\n<li>Filing.<\/li>\n<\/ul>\n\t<h3>Outsourcing back-office work allows you to safely optimise your business activity.<\/h3>\n<p>You refocus the company on its core business by better managing the time and costs.<\/p>\n<p>You improve operational flexibility in case of growth or decline of your activities.<\/p>\n\t\t\t<a href=\"https:\/\/www.garanceaudit.com\/en\/contact\/\" target=\"_self\" role=\"button\" rel=\"noopener noreferrer\">\n\t\t\t\t\t\t\tCONTACT US FOR A PERSONALISED OFFER\n\t\t\t\t\t<\/a>\n","protected":false},"excerpt":{"rendered":"<p>&nbsp; &nbsp; &nbsp; &nbsp; You temporarily or permanently lack the necessary human or technical resources? You\u2019ve decided to outsource non-strategic administrative tasks? What Garance Audit can do for you We take care of your non-strategic administrative tasks: administrative tasks related to clients or suppliers, or general business admin work. Why Choose Garance Audit? We can&hellip;<\/p>\n","protected":false},"author":3,"featured_media":0,"parent":0,"menu_order":0,"comment_status":"closed","ping_status":"closed","template":"","meta":[],"yoast_head":"<!-- This site is optimized with the Yoast SEO plugin v21.8 - https:\/\/yoast.com\/wordpress\/plugins\/seo\/ -->\n<title>Outsourcing back office work - Garance Audit<\/title>\n<meta name=\"robots\" content=\"index, follow, max-snippet:-1, max-image-preview:large, max-video-preview:-1\" \/>\n<link rel=\"canonical\" href=\"https:\/\/www.garanceaudit.com\/en\/outsourcing-back-office-work\/\" \/>\n<meta property=\"og:locale\" content=\"en_US\" \/>\n<meta property=\"og:type\" content=\"article\" \/>\n<meta property=\"og:title\" content=\"Outsourcing back office work - Garance Audit\" \/>\n<meta property=\"og:description\" content=\"&nbsp; &nbsp; &nbsp; &nbsp; You temporarily or permanently lack the necessary human or technical resources? You\u2019ve decided to outsource non-strategic administrative tasks? What Garance Audit can do for you We take care of your non-strategic administrative tasks: administrative tasks related to clients or suppliers, or general business admin work. Why Choose Garance Audit? We can&hellip;\" \/>\n<meta property=\"og:url\" content=\"https:\/\/www.garanceaudit.com\/en\/outsourcing-back-office-work\/\" \/>\n<meta property=\"og:site_name\" content=\"Garance Audit\" \/>\n<meta property=\"article:modified_time\" content=\"2019-12-12T15:31:19+00:00\" \/>\n<meta name=\"twitter:card\" content=\"summary_large_image\" \/>\n<meta name=\"twitter:label1\" content=\"Est. reading time\" \/>\n\t<meta name=\"twitter:data1\" content=\"1 minute\" \/>\n<script type=\"application\/ld+json\" class=\"yoast-schema-graph\">{\"@context\":\"https:\/\/schema.org\",\"@graph\":[{\"@type\":\"WebPage\",\"@id\":\"https:\/\/www.garanceaudit.com\/en\/outsourcing-back-office-work\/\",\"url\":\"https:\/\/www.garanceaudit.com\/en\/outsourcing-back-office-work\/\",\"name\":\"Outsourcing back office work - Garance Audit\",\"isPartOf\":{\"@id\":\"https:\/\/www.garanceaudit.com\/#website\"},\"datePublished\":\"2019-12-02T10:53:43+00:00\",\"dateModified\":\"2019-12-12T15:31:19+00:00\",\"breadcrumb\":{\"@id\":\"https:\/\/www.garanceaudit.com\/en\/outsourcing-back-office-work\/#breadcrumb\"},\"inLanguage\":\"en-US\",\"potentialAction\":[{\"@type\":\"ReadAction\",\"target\":[\"https:\/\/www.garanceaudit.com\/en\/outsourcing-back-office-work\/\"]}]},{\"@type\":\"BreadcrumbList\",\"@id\":\"https:\/\/www.garanceaudit.com\/en\/outsourcing-back-office-work\/#breadcrumb\",\"itemListElement\":[{\"@type\":\"ListItem\",\"position\":1,\"name\":\"Accueil\",\"item\":\"https:\/\/www.garanceaudit.com\/en\/\"},{\"@type\":\"ListItem\",\"position\":2,\"name\":\"Outsourcing back office work\"}]},{\"@type\":\"WebSite\",\"@id\":\"https:\/\/www.garanceaudit.com\/#website\",\"url\":\"https:\/\/www.garanceaudit.com\/\",\"name\":\"Garance Audit\",\"description\":\"Cabinet comptable sp\u00e9cialis\u00e9 dans l&#039;industrie cin\u00e9matographique\",\"potentialAction\":[{\"@type\":\"SearchAction\",\"target\":{\"@type\":\"EntryPoint\",\"urlTemplate\":\"https:\/\/www.garanceaudit.com\/?s={search_term_string}\"},\"query-input\":\"required name=search_term_string\"}],\"inLanguage\":\"en-US\"}]}<\/script>\n<!-- \/ Yoast SEO plugin. -->","yoast_head_json":{"title":"Outsourcing back office work - Garance Audit","robots":{"index":"index","follow":"follow","max-snippet":"max-snippet:-1","max-image-preview":"max-image-preview:large","max-video-preview":"max-video-preview:-1"},"canonical":"https:\/\/www.garanceaudit.com\/en\/outsourcing-back-office-work\/","og_locale":"en_US","og_type":"article","og_title":"Outsourcing back office work - Garance Audit","og_description":"&nbsp; &nbsp; &nbsp; &nbsp; You temporarily or permanently lack the necessary human or technical resources? You\u2019ve decided to outsource non-strategic administrative tasks? What Garance Audit can do for you We take care of your non-strategic administrative tasks: administrative tasks related to clients or suppliers, or general business admin work. Why Choose Garance Audit? We can&hellip;","og_url":"https:\/\/www.garanceaudit.com\/en\/outsourcing-back-office-work\/","og_site_name":"Garance Audit","article_modified_time":"2019-12-12T15:31:19+00:00","twitter_card":"summary_large_image","twitter_misc":{"Est. reading time":"1 minute"},"schema":{"@context":"https:\/\/schema.org","@graph":[{"@type":"WebPage","@id":"https:\/\/www.garanceaudit.com\/en\/outsourcing-back-office-work\/","url":"https:\/\/www.garanceaudit.com\/en\/outsourcing-back-office-work\/","name":"Outsourcing back office work - Garance Audit","isPartOf":{"@id":"https:\/\/www.garanceaudit.com\/#website"},"datePublished":"2019-12-02T10:53:43+00:00","dateModified":"2019-12-12T15:31:19+00:00","breadcrumb":{"@id":"https:\/\/www.garanceaudit.com\/en\/outsourcing-back-office-work\/#breadcrumb"},"inLanguage":"en-US","potentialAction":[{"@type":"ReadAction","target":["https:\/\/www.garanceaudit.com\/en\/outsourcing-back-office-work\/"]}]},{"@type":"BreadcrumbList","@id":"https:\/\/www.garanceaudit.com\/en\/outsourcing-back-office-work\/#breadcrumb","itemListElement":[{"@type":"ListItem","position":1,"name":"Accueil","item":"https:\/\/www.garanceaudit.com\/en\/"},{"@type":"ListItem","position":2,"name":"Outsourcing back office work"}]},{"@type":"WebSite","@id":"https:\/\/www.garanceaudit.com\/#website","url":"https:\/\/www.garanceaudit.com\/","name":"Garance Audit","description":"Cabinet comptable sp\u00e9cialis\u00e9 dans l&#039;industrie cin\u00e9matographique","potentialAction":[{"@type":"SearchAction","target":{"@type":"EntryPoint","urlTemplate":"https:\/\/www.garanceaudit.com\/?s={search_term_string}"},"query-input":"required name=search_term_string"}],"inLanguage":"en-US"}]}},"_links":{"self":[{"href":"https:\/\/www.garanceaudit.com\/en\/wp-json\/wp\/v2\/pages\/530"}],"collection":[{"href":"https:\/\/www.garanceaudit.com\/en\/wp-json\/wp\/v2\/pages"}],"about":[{"href":"https:\/\/www.garanceaudit.com\/en\/wp-json\/wp\/v2\/types\/page"}],"author":[{"embeddable":true,"href":"https:\/\/www.garanceaudit.com\/en\/wp-json\/wp\/v2\/users\/3"}],"replies":[{"embeddable":true,"href":"https:\/\/www.garanceaudit.com\/en\/wp-json\/wp\/v2\/comments?post=530"}],"version-history":[{"count":0,"href":"https:\/\/www.garanceaudit.com\/en\/wp-json\/wp\/v2\/pages\/530\/revisions"}],"wp:attachment":[{"href":"https:\/\/www.garanceaudit.com\/en\/wp-json\/wp\/v2\/media?parent=530"}],"curies":[{"name":"wp","href":"https:\/\/api.w.org\/{rel}","templated":true}]}}