{"id":534,"date":"2019-12-02T16:46:39","date_gmt":"2019-12-02T15:46:39","guid":{"rendered":"https:\/\/www.garanceaudit.com\/professional-status-of-the-head-of-company\/"},"modified":"2019-12-12T16:31:34","modified_gmt":"2019-12-12T15:31:34","slug":"professional-status-of-the-head-of-company","status":"publish","type":"page","link":"https:\/\/www.garanceaudit.com\/en\/professional-status-of-the-head-of-company\/","title":{"rendered":"Professional status of the head of company"},"content":{"rendered":"\n\t<p>&nbsp;<\/p>\n<p>&nbsp;<\/p>\n<p>&nbsp;<\/p>\n<p>&nbsp;<\/p>\n\t<h2><\/h2>\n\t<p>Does your spouse work with you and you are concerned about his \/ her status and the protection of your estate?<\/p>\n<p>Your business has evolved and your status or that of the company is no longer suitable?<\/p>\n<p>Do you want to create or take over a business and you have to make a choice of legal status that will affect your remuneration, right to retirement, personal taxation?<\/p>\n\t<h3>What Garance Audit can do for you<strong><br \/>\n<\/strong><\/h3>\n<p>We can analyse your individual legal status and that of your company, then we can advise you to modify it if necessary according to your objectives in the short and medium term.<\/p>\n<h3><\/h3>\n<h3><\/h3>\n\t<h3>Why Choose Garance Audit?<\/h3>\n<ul>\n<li>We carry out practical materialized simulations, that we present in the format of a report, which also provides you with our recommendations.<\/li>\n<li>We accompany you permanently on all decisions relating to your professional status.<\/li>\n<\/ul>\n\t<h3>For you, as a company manager, and for your objectives, this provides optimisation and peace of mind.<\/h3>\n<p>Because your choices have significant short, medium, and long-term consequences, nothing should be left to chance.<\/p>\n\t\t\t<a href=\"https:\/\/www.garanceaudit.com\/en\/contact\/\" target=\"_self\" role=\"button\" rel=\"noopener noreferrer\">\n\t\t\t\t\t\t\tCONTACT US FOR A PERSONALISED OFFER\n\t\t\t\t\t<\/a>\n","protected":false},"excerpt":{"rendered":"<p>&nbsp; &nbsp; &nbsp; &nbsp; Does your spouse work with you and you are concerned about his \/ her status and the protection of your estate? Your business has evolved and your status or that of the company is no longer suitable? Do you want to create or take over a business and you have to&hellip;<\/p>\n","protected":false},"author":3,"featured_media":0,"parent":0,"menu_order":0,"comment_status":"closed","ping_status":"closed","template":"","meta":[],"yoast_head":"<!-- This site is optimized with the Yoast SEO plugin v21.8 - https:\/\/yoast.com\/wordpress\/plugins\/seo\/ -->\n<title>Professional status of the head of company - Garance Audit<\/title>\n<meta name=\"robots\" content=\"index, follow, max-snippet:-1, max-image-preview:large, max-video-preview:-1\" \/>\n<link rel=\"canonical\" href=\"https:\/\/www.garanceaudit.com\/en\/professional-status-of-the-head-of-company\/\" \/>\n<meta property=\"og:locale\" content=\"en_US\" \/>\n<meta property=\"og:type\" content=\"article\" \/>\n<meta property=\"og:title\" content=\"Professional status of the head of company - Garance Audit\" \/>\n<meta property=\"og:description\" content=\"&nbsp; &nbsp; &nbsp; &nbsp; Does your spouse work with you and you are concerned about his \/ her status and the protection of your estate? Your business has evolved and your status or that of the company is no longer suitable? Do you want to create or take over a business and you have to&hellip;\" \/>\n<meta property=\"og:url\" content=\"https:\/\/www.garanceaudit.com\/en\/professional-status-of-the-head-of-company\/\" \/>\n<meta property=\"og:site_name\" content=\"Garance Audit\" \/>\n<meta property=\"article:modified_time\" content=\"2019-12-12T15:31:34+00:00\" \/>\n<meta name=\"twitter:card\" content=\"summary_large_image\" \/>\n<meta name=\"twitter:label1\" content=\"Est. reading time\" \/>\n\t<meta name=\"twitter:data1\" content=\"1 minute\" \/>\n<script type=\"application\/ld+json\" class=\"yoast-schema-graph\">{\"@context\":\"https:\/\/schema.org\",\"@graph\":[{\"@type\":\"WebPage\",\"@id\":\"https:\/\/www.garanceaudit.com\/en\/professional-status-of-the-head-of-company\/\",\"url\":\"https:\/\/www.garanceaudit.com\/en\/professional-status-of-the-head-of-company\/\",\"name\":\"Professional status of the head of company - Garance Audit\",\"isPartOf\":{\"@id\":\"https:\/\/www.garanceaudit.com\/#website\"},\"datePublished\":\"2019-12-02T15:46:39+00:00\",\"dateModified\":\"2019-12-12T15:31:34+00:00\",\"breadcrumb\":{\"@id\":\"https:\/\/www.garanceaudit.com\/en\/professional-status-of-the-head-of-company\/#breadcrumb\"},\"inLanguage\":\"en-US\",\"potentialAction\":[{\"@type\":\"ReadAction\",\"target\":[\"https:\/\/www.garanceaudit.com\/en\/professional-status-of-the-head-of-company\/\"]}]},{\"@type\":\"BreadcrumbList\",\"@id\":\"https:\/\/www.garanceaudit.com\/en\/professional-status-of-the-head-of-company\/#breadcrumb\",\"itemListElement\":[{\"@type\":\"ListItem\",\"position\":1,\"name\":\"Accueil\",\"item\":\"https:\/\/www.garanceaudit.com\/en\/\"},{\"@type\":\"ListItem\",\"position\":2,\"name\":\"Professional status of the head of company\"}]},{\"@type\":\"WebSite\",\"@id\":\"https:\/\/www.garanceaudit.com\/#website\",\"url\":\"https:\/\/www.garanceaudit.com\/\",\"name\":\"Garance Audit\",\"description\":\"Cabinet comptable sp\u00e9cialis\u00e9 dans l&#039;industrie cin\u00e9matographique\",\"potentialAction\":[{\"@type\":\"SearchAction\",\"target\":{\"@type\":\"EntryPoint\",\"urlTemplate\":\"https:\/\/www.garanceaudit.com\/?s={search_term_string}\"},\"query-input\":\"required name=search_term_string\"}],\"inLanguage\":\"en-US\"}]}<\/script>\n<!-- \/ Yoast SEO plugin. -->","yoast_head_json":{"title":"Professional status of the head of company - Garance Audit","robots":{"index":"index","follow":"follow","max-snippet":"max-snippet:-1","max-image-preview":"max-image-preview:large","max-video-preview":"max-video-preview:-1"},"canonical":"https:\/\/www.garanceaudit.com\/en\/professional-status-of-the-head-of-company\/","og_locale":"en_US","og_type":"article","og_title":"Professional status of the head of company - Garance Audit","og_description":"&nbsp; &nbsp; &nbsp; &nbsp; Does your spouse work with you and you are concerned about his \/ her status and the protection of your estate? Your business has evolved and your status or that of the company is no longer suitable? Do you want to create or take over a business and you have to&hellip;","og_url":"https:\/\/www.garanceaudit.com\/en\/professional-status-of-the-head-of-company\/","og_site_name":"Garance Audit","article_modified_time":"2019-12-12T15:31:34+00:00","twitter_card":"summary_large_image","twitter_misc":{"Est. reading time":"1 minute"},"schema":{"@context":"https:\/\/schema.org","@graph":[{"@type":"WebPage","@id":"https:\/\/www.garanceaudit.com\/en\/professional-status-of-the-head-of-company\/","url":"https:\/\/www.garanceaudit.com\/en\/professional-status-of-the-head-of-company\/","name":"Professional status of the head of company - Garance Audit","isPartOf":{"@id":"https:\/\/www.garanceaudit.com\/#website"},"datePublished":"2019-12-02T15:46:39+00:00","dateModified":"2019-12-12T15:31:34+00:00","breadcrumb":{"@id":"https:\/\/www.garanceaudit.com\/en\/professional-status-of-the-head-of-company\/#breadcrumb"},"inLanguage":"en-US","potentialAction":[{"@type":"ReadAction","target":["https:\/\/www.garanceaudit.com\/en\/professional-status-of-the-head-of-company\/"]}]},{"@type":"BreadcrumbList","@id":"https:\/\/www.garanceaudit.com\/en\/professional-status-of-the-head-of-company\/#breadcrumb","itemListElement":[{"@type":"ListItem","position":1,"name":"Accueil","item":"https:\/\/www.garanceaudit.com\/en\/"},{"@type":"ListItem","position":2,"name":"Professional status of the head of company"}]},{"@type":"WebSite","@id":"https:\/\/www.garanceaudit.com\/#website","url":"https:\/\/www.garanceaudit.com\/","name":"Garance Audit","description":"Cabinet comptable sp\u00e9cialis\u00e9 dans l&#039;industrie cin\u00e9matographique","potentialAction":[{"@type":"SearchAction","target":{"@type":"EntryPoint","urlTemplate":"https:\/\/www.garanceaudit.com\/?s={search_term_string}"},"query-input":"required name=search_term_string"}],"inLanguage":"en-US"}]}},"_links":{"self":[{"href":"https:\/\/www.garanceaudit.com\/en\/wp-json\/wp\/v2\/pages\/534"}],"collection":[{"href":"https:\/\/www.garanceaudit.com\/en\/wp-json\/wp\/v2\/pages"}],"about":[{"href":"https:\/\/www.garanceaudit.com\/en\/wp-json\/wp\/v2\/types\/page"}],"author":[{"embeddable":true,"href":"https:\/\/www.garanceaudit.com\/en\/wp-json\/wp\/v2\/users\/3"}],"replies":[{"embeddable":true,"href":"https:\/\/www.garanceaudit.com\/en\/wp-json\/wp\/v2\/comments?post=534"}],"version-history":[{"count":0,"href":"https:\/\/www.garanceaudit.com\/en\/wp-json\/wp\/v2\/pages\/534\/revisions"}],"wp:attachment":[{"href":"https:\/\/www.garanceaudit.com\/en\/wp-json\/wp\/v2\/media?parent=534"}],"curies":[{"name":"wp","href":"https:\/\/api.w.org\/{rel}","templated":true}]}}