{"id":537,"date":"2019-12-02T16:52:53","date_gmt":"2019-12-02T15:52:53","guid":{"rendered":"https:\/\/www.garanceaudit.com\/legal-follow-up\/"},"modified":"2019-12-12T16:31:49","modified_gmt":"2019-12-12T15:31:49","slug":"legal-follow-up","status":"publish","type":"page","link":"https:\/\/www.garanceaudit.com\/en\/legal-follow-up\/","title":{"rendered":"Legal follow-up"},"content":{"rendered":"\n\t<p>&nbsp;<\/p>\n<p>&nbsp;<\/p>\n<p>&nbsp;<\/p>\n<p>&nbsp;<\/p>\n\t<h2><\/h2>\n\t<p>Do you need assistance in drafting your articles of incorporation, changing the company\u2019s legal form, increasing, or reducing its capital?<\/p>\n<p>Do you want to be sure of meeting your legal obligations as regards the AGM, or want to outsource your obligations in respect of statutory publicity?<\/p>\n\t<h3>What Garance Audit can do for you<strong><br \/>\n<\/strong><\/h3>\n<p>We inform you as to your annual legal obligations or those related to particular events.<\/p>\n<p>We assist you in the drafting of notices, minutes, and management reports, and in the legal publicity process.<\/p>\n<h3><\/h3>\n<h3><\/h3>\n\t<h3>Why Choose Garance Audit?<\/h3>\n<ul>\n<li>We accompany you in your obligatory legal measures<\/li>\n<li>We ensure the application of the regulations in force.<\/li>\n<\/ul>\n\t<h3>Legal follow-up, security for your company<\/h3>\n<p>You are assisted by your Chartered Accountant who knows your activity well. <\/p>\n<p>You limit the risk of sanctions for non-compliance with legal obligations.<\/p>\n<p>In the case of regulated agreements, you respect the approval procedures and avoid any dispute.<\/p>\n\t\t\t<a href=\"https:\/\/www.garanceaudit.com\/en\/contact\/\" target=\"_self\" role=\"button\" rel=\"noopener noreferrer\">\n\t\t\t\t\t\t\tCONTACT US FOR A PERSONALISED OFFER\n\t\t\t\t\t<\/a>\n","protected":false},"excerpt":{"rendered":"<p>&nbsp; &nbsp; &nbsp; &nbsp; Do you need assistance in drafting your articles of incorporation, changing the company\u2019s legal form, increasing, or reducing its capital? Do you want to be sure of meeting your legal obligations as regards the AGM, or want to outsource your obligations in respect of statutory publicity? What Garance Audit can do&hellip;<\/p>\n","protected":false},"author":3,"featured_media":0,"parent":0,"menu_order":0,"comment_status":"closed","ping_status":"closed","template":"","meta":[],"yoast_head":"<!-- This site is optimized with the Yoast SEO plugin v21.8 - https:\/\/yoast.com\/wordpress\/plugins\/seo\/ -->\n<title>Legal follow-up - Garance Audit<\/title>\n<meta name=\"robots\" content=\"index, follow, max-snippet:-1, max-image-preview:large, max-video-preview:-1\" \/>\n<link rel=\"canonical\" href=\"https:\/\/www.garanceaudit.com\/en\/legal-follow-up\/\" \/>\n<meta property=\"og:locale\" content=\"en_US\" \/>\n<meta property=\"og:type\" content=\"article\" \/>\n<meta property=\"og:title\" content=\"Legal follow-up - Garance Audit\" \/>\n<meta property=\"og:description\" content=\"&nbsp; &nbsp; &nbsp; &nbsp; Do you need assistance in drafting your articles of incorporation, changing the company\u2019s legal form, increasing, or reducing its capital? Do you want to be sure of meeting your legal obligations as regards the AGM, or want to outsource your obligations in respect of statutory publicity? What Garance Audit can do&hellip;\" \/>\n<meta property=\"og:url\" content=\"https:\/\/www.garanceaudit.com\/en\/legal-follow-up\/\" \/>\n<meta property=\"og:site_name\" content=\"Garance Audit\" \/>\n<meta property=\"article:modified_time\" content=\"2019-12-12T15:31:49+00:00\" \/>\n<meta name=\"twitter:card\" content=\"summary_large_image\" \/>\n<meta name=\"twitter:label1\" content=\"Est. reading time\" \/>\n\t<meta name=\"twitter:data1\" content=\"1 minute\" \/>\n<script type=\"application\/ld+json\" class=\"yoast-schema-graph\">{\"@context\":\"https:\/\/schema.org\",\"@graph\":[{\"@type\":\"WebPage\",\"@id\":\"https:\/\/www.garanceaudit.com\/en\/legal-follow-up\/\",\"url\":\"https:\/\/www.garanceaudit.com\/en\/legal-follow-up\/\",\"name\":\"Legal follow-up - Garance Audit\",\"isPartOf\":{\"@id\":\"https:\/\/www.garanceaudit.com\/#website\"},\"datePublished\":\"2019-12-02T15:52:53+00:00\",\"dateModified\":\"2019-12-12T15:31:49+00:00\",\"breadcrumb\":{\"@id\":\"https:\/\/www.garanceaudit.com\/en\/legal-follow-up\/#breadcrumb\"},\"inLanguage\":\"en-US\",\"potentialAction\":[{\"@type\":\"ReadAction\",\"target\":[\"https:\/\/www.garanceaudit.com\/en\/legal-follow-up\/\"]}]},{\"@type\":\"BreadcrumbList\",\"@id\":\"https:\/\/www.garanceaudit.com\/en\/legal-follow-up\/#breadcrumb\",\"itemListElement\":[{\"@type\":\"ListItem\",\"position\":1,\"name\":\"Accueil\",\"item\":\"https:\/\/www.garanceaudit.com\/en\/\"},{\"@type\":\"ListItem\",\"position\":2,\"name\":\"Legal follow-up\"}]},{\"@type\":\"WebSite\",\"@id\":\"https:\/\/www.garanceaudit.com\/#website\",\"url\":\"https:\/\/www.garanceaudit.com\/\",\"name\":\"Garance Audit\",\"description\":\"Cabinet comptable sp\u00e9cialis\u00e9 dans l&#039;industrie cin\u00e9matographique\",\"potentialAction\":[{\"@type\":\"SearchAction\",\"target\":{\"@type\":\"EntryPoint\",\"urlTemplate\":\"https:\/\/www.garanceaudit.com\/?s={search_term_string}\"},\"query-input\":\"required name=search_term_string\"}],\"inLanguage\":\"en-US\"}]}<\/script>\n<!-- \/ Yoast SEO plugin. -->","yoast_head_json":{"title":"Legal follow-up - Garance Audit","robots":{"index":"index","follow":"follow","max-snippet":"max-snippet:-1","max-image-preview":"max-image-preview:large","max-video-preview":"max-video-preview:-1"},"canonical":"https:\/\/www.garanceaudit.com\/en\/legal-follow-up\/","og_locale":"en_US","og_type":"article","og_title":"Legal follow-up - Garance Audit","og_description":"&nbsp; &nbsp; &nbsp; &nbsp; Do you need assistance in drafting your articles of incorporation, changing the company\u2019s legal form, increasing, or reducing its capital? Do you want to be sure of meeting your legal obligations as regards the AGM, or want to outsource your obligations in respect of statutory publicity? What Garance Audit can do&hellip;","og_url":"https:\/\/www.garanceaudit.com\/en\/legal-follow-up\/","og_site_name":"Garance Audit","article_modified_time":"2019-12-12T15:31:49+00:00","twitter_card":"summary_large_image","twitter_misc":{"Est. reading time":"1 minute"},"schema":{"@context":"https:\/\/schema.org","@graph":[{"@type":"WebPage","@id":"https:\/\/www.garanceaudit.com\/en\/legal-follow-up\/","url":"https:\/\/www.garanceaudit.com\/en\/legal-follow-up\/","name":"Legal follow-up - Garance Audit","isPartOf":{"@id":"https:\/\/www.garanceaudit.com\/#website"},"datePublished":"2019-12-02T15:52:53+00:00","dateModified":"2019-12-12T15:31:49+00:00","breadcrumb":{"@id":"https:\/\/www.garanceaudit.com\/en\/legal-follow-up\/#breadcrumb"},"inLanguage":"en-US","potentialAction":[{"@type":"ReadAction","target":["https:\/\/www.garanceaudit.com\/en\/legal-follow-up\/"]}]},{"@type":"BreadcrumbList","@id":"https:\/\/www.garanceaudit.com\/en\/legal-follow-up\/#breadcrumb","itemListElement":[{"@type":"ListItem","position":1,"name":"Accueil","item":"https:\/\/www.garanceaudit.com\/en\/"},{"@type":"ListItem","position":2,"name":"Legal follow-up"}]},{"@type":"WebSite","@id":"https:\/\/www.garanceaudit.com\/#website","url":"https:\/\/www.garanceaudit.com\/","name":"Garance Audit","description":"Cabinet comptable sp\u00e9cialis\u00e9 dans l&#039;industrie cin\u00e9matographique","potentialAction":[{"@type":"SearchAction","target":{"@type":"EntryPoint","urlTemplate":"https:\/\/www.garanceaudit.com\/?s={search_term_string}"},"query-input":"required name=search_term_string"}],"inLanguage":"en-US"}]}},"_links":{"self":[{"href":"https:\/\/www.garanceaudit.com\/en\/wp-json\/wp\/v2\/pages\/537"}],"collection":[{"href":"https:\/\/www.garanceaudit.com\/en\/wp-json\/wp\/v2\/pages"}],"about":[{"href":"https:\/\/www.garanceaudit.com\/en\/wp-json\/wp\/v2\/types\/page"}],"author":[{"embeddable":true,"href":"https:\/\/www.garanceaudit.com\/en\/wp-json\/wp\/v2\/users\/3"}],"replies":[{"embeddable":true,"href":"https:\/\/www.garanceaudit.com\/en\/wp-json\/wp\/v2\/comments?post=537"}],"version-history":[{"count":0,"href":"https:\/\/www.garanceaudit.com\/en\/wp-json\/wp\/v2\/pages\/537\/revisions"}],"wp:attachment":[{"href":"https:\/\/www.garanceaudit.com\/en\/wp-json\/wp\/v2\/media?parent=537"}],"curies":[{"name":"wp","href":"https:\/\/api.w.org\/{rel}","templated":true}]}}