{"id":540,"date":"2019-12-02T17:07:27","date_gmt":"2019-12-02T16:07:27","guid":{"rendered":"https:\/\/www.garanceaudit.com\/dashboard\/"},"modified":"2019-12-12T16:32:07","modified_gmt":"2019-12-12T15:32:07","slug":"dashboard","status":"publish","type":"page","link":"https:\/\/www.garanceaudit.com\/en\/dashboard\/","title":{"rendered":"Dashboard"},"content":{"rendered":"\n\t<p>&nbsp;<\/p>\n<p>&nbsp;<\/p>\n<p>&nbsp;<\/p>\n<p>&nbsp;<\/p>\n\t<h2><\/h2>\n\t<p>Do you want to be more reactive, and be able to follow the operation of your company beyond its results?<\/p>\n<p>It is important for you to measure and achieve your performance?<\/p>\n<p>Is helping your management to administer the company a priority?<\/p>\n\t<h3>What Garance Audit can do for you<strong><br \/>\n<\/strong><\/h3>\nWe bring you our expertise in the optimisation of management \/ steering of your company.<br \/>\nOur mission is divided into four segments:\n<ul>\n<li>Choosing tailored indicators<\/li>\n<li>Ensuring reliability of information<\/li>\n<li>Providing you with the appropriate feedback<\/li>\n<li>Giving you with a decision support tool<\/li>\n<\/ul>\n\t<h3>Why Choose Garance Audit?<\/h3>\n<ul>\n<li>Our knowledge of your industry<\/li>\n<li>Clear, legible reports<\/li>\n<li>Quick turnaround<\/li>\n<\/ul>\n\t<h3>The dashboard, a tool that helps you to manage your company.<\/h3>\n<p>This is clearly an action \/ reaction steering system, that allows you to control your activity and visualise the evolution of significant indicators.<\/p>\n<p>The dashboard is a real decision making tool that helps you to implement corrective measures and gives you the opportunity of communicating simply with operational managers and shareholders, but also with banks, investors, and other institutional parties.<\/p>\n\t\t\t<a href=\"https:\/\/www.garanceaudit.com\/en\/contact\/\" target=\"_self\" role=\"button\" rel=\"noopener noreferrer\">\n\t\t\t\t\t\t\tCONTACT US FOR A PERSONALISED OFFER\n\t\t\t\t\t<\/a>\n","protected":false},"excerpt":{"rendered":"<p>&nbsp; &nbsp; &nbsp; &nbsp; Do you want to be more reactive, and be able to follow the operation of your company beyond its results? It is important for you to measure and achieve your performance? Is helping your management to administer the company a priority? What Garance Audit can do for you We bring you&hellip;<\/p>\n","protected":false},"author":2,"featured_media":0,"parent":0,"menu_order":0,"comment_status":"closed","ping_status":"closed","template":"","meta":[],"yoast_head":"<!-- This site is optimized with the Yoast SEO plugin v21.8 - https:\/\/yoast.com\/wordpress\/plugins\/seo\/ -->\n<title>Dashboard - Garance Audit<\/title>\n<meta name=\"robots\" content=\"index, follow, max-snippet:-1, max-image-preview:large, max-video-preview:-1\" \/>\n<link rel=\"canonical\" href=\"https:\/\/www.garanceaudit.com\/en\/dashboard\/\" \/>\n<meta property=\"og:locale\" content=\"en_US\" \/>\n<meta property=\"og:type\" content=\"article\" \/>\n<meta property=\"og:title\" content=\"Dashboard - Garance Audit\" \/>\n<meta property=\"og:description\" content=\"&nbsp; &nbsp; &nbsp; &nbsp; Do you want to be more reactive, and be able to follow the operation of your company beyond its results? It is important for you to measure and achieve your performance? Is helping your management to administer the company a priority? What Garance Audit can do for you We bring you&hellip;\" \/>\n<meta property=\"og:url\" content=\"https:\/\/www.garanceaudit.com\/en\/dashboard\/\" \/>\n<meta property=\"og:site_name\" content=\"Garance Audit\" \/>\n<meta property=\"article:modified_time\" content=\"2019-12-12T15:32:07+00:00\" \/>\n<meta name=\"twitter:card\" content=\"summary_large_image\" \/>\n<meta name=\"twitter:label1\" content=\"Est. reading time\" \/>\n\t<meta name=\"twitter:data1\" content=\"1 minute\" \/>\n<script type=\"application\/ld+json\" class=\"yoast-schema-graph\">{\"@context\":\"https:\/\/schema.org\",\"@graph\":[{\"@type\":\"WebPage\",\"@id\":\"https:\/\/www.garanceaudit.com\/en\/dashboard\/\",\"url\":\"https:\/\/www.garanceaudit.com\/en\/dashboard\/\",\"name\":\"Dashboard - Garance Audit\",\"isPartOf\":{\"@id\":\"https:\/\/www.garanceaudit.com\/#website\"},\"datePublished\":\"2019-12-02T16:07:27+00:00\",\"dateModified\":\"2019-12-12T15:32:07+00:00\",\"breadcrumb\":{\"@id\":\"https:\/\/www.garanceaudit.com\/en\/dashboard\/#breadcrumb\"},\"inLanguage\":\"en-US\",\"potentialAction\":[{\"@type\":\"ReadAction\",\"target\":[\"https:\/\/www.garanceaudit.com\/en\/dashboard\/\"]}]},{\"@type\":\"BreadcrumbList\",\"@id\":\"https:\/\/www.garanceaudit.com\/en\/dashboard\/#breadcrumb\",\"itemListElement\":[{\"@type\":\"ListItem\",\"position\":1,\"name\":\"Accueil\",\"item\":\"https:\/\/www.garanceaudit.com\/en\/\"},{\"@type\":\"ListItem\",\"position\":2,\"name\":\"Dashboard\"}]},{\"@type\":\"WebSite\",\"@id\":\"https:\/\/www.garanceaudit.com\/#website\",\"url\":\"https:\/\/www.garanceaudit.com\/\",\"name\":\"Garance Audit\",\"description\":\"Cabinet comptable sp\u00e9cialis\u00e9 dans l&#039;industrie cin\u00e9matographique\",\"potentialAction\":[{\"@type\":\"SearchAction\",\"target\":{\"@type\":\"EntryPoint\",\"urlTemplate\":\"https:\/\/www.garanceaudit.com\/?s={search_term_string}\"},\"query-input\":\"required name=search_term_string\"}],\"inLanguage\":\"en-US\"}]}<\/script>\n<!-- \/ Yoast SEO plugin. -->","yoast_head_json":{"title":"Dashboard - Garance Audit","robots":{"index":"index","follow":"follow","max-snippet":"max-snippet:-1","max-image-preview":"max-image-preview:large","max-video-preview":"max-video-preview:-1"},"canonical":"https:\/\/www.garanceaudit.com\/en\/dashboard\/","og_locale":"en_US","og_type":"article","og_title":"Dashboard - Garance Audit","og_description":"&nbsp; &nbsp; &nbsp; &nbsp; Do you want to be more reactive, and be able to follow the operation of your company beyond its results? It is important for you to measure and achieve your performance? Is helping your management to administer the company a priority? What Garance Audit can do for you We bring you&hellip;","og_url":"https:\/\/www.garanceaudit.com\/en\/dashboard\/","og_site_name":"Garance Audit","article_modified_time":"2019-12-12T15:32:07+00:00","twitter_card":"summary_large_image","twitter_misc":{"Est. reading time":"1 minute"},"schema":{"@context":"https:\/\/schema.org","@graph":[{"@type":"WebPage","@id":"https:\/\/www.garanceaudit.com\/en\/dashboard\/","url":"https:\/\/www.garanceaudit.com\/en\/dashboard\/","name":"Dashboard - Garance Audit","isPartOf":{"@id":"https:\/\/www.garanceaudit.com\/#website"},"datePublished":"2019-12-02T16:07:27+00:00","dateModified":"2019-12-12T15:32:07+00:00","breadcrumb":{"@id":"https:\/\/www.garanceaudit.com\/en\/dashboard\/#breadcrumb"},"inLanguage":"en-US","potentialAction":[{"@type":"ReadAction","target":["https:\/\/www.garanceaudit.com\/en\/dashboard\/"]}]},{"@type":"BreadcrumbList","@id":"https:\/\/www.garanceaudit.com\/en\/dashboard\/#breadcrumb","itemListElement":[{"@type":"ListItem","position":1,"name":"Accueil","item":"https:\/\/www.garanceaudit.com\/en\/"},{"@type":"ListItem","position":2,"name":"Dashboard"}]},{"@type":"WebSite","@id":"https:\/\/www.garanceaudit.com\/#website","url":"https:\/\/www.garanceaudit.com\/","name":"Garance Audit","description":"Cabinet comptable sp\u00e9cialis\u00e9 dans l&#039;industrie cin\u00e9matographique","potentialAction":[{"@type":"SearchAction","target":{"@type":"EntryPoint","urlTemplate":"https:\/\/www.garanceaudit.com\/?s={search_term_string}"},"query-input":"required name=search_term_string"}],"inLanguage":"en-US"}]}},"_links":{"self":[{"href":"https:\/\/www.garanceaudit.com\/en\/wp-json\/wp\/v2\/pages\/540"}],"collection":[{"href":"https:\/\/www.garanceaudit.com\/en\/wp-json\/wp\/v2\/pages"}],"about":[{"href":"https:\/\/www.garanceaudit.com\/en\/wp-json\/wp\/v2\/types\/page"}],"author":[{"embeddable":true,"href":"https:\/\/www.garanceaudit.com\/en\/wp-json\/wp\/v2\/users\/2"}],"replies":[{"embeddable":true,"href":"https:\/\/www.garanceaudit.com\/en\/wp-json\/wp\/v2\/comments?post=540"}],"version-history":[{"count":0,"href":"https:\/\/www.garanceaudit.com\/en\/wp-json\/wp\/v2\/pages\/540\/revisions"}],"wp:attachment":[{"href":"https:\/\/www.garanceaudit.com\/en\/wp-json\/wp\/v2\/media?parent=540"}],"curies":[{"name":"wp","href":"https:\/\/api.w.org\/{rel}","templated":true}]}}