{"id":543,"date":"2019-12-02T17:17:49","date_gmt":"2019-12-02T16:17:49","guid":{"rendered":"https:\/\/www.garanceaudit.com\/company-cars\/"},"modified":"2019-12-12T16:32:34","modified_gmt":"2019-12-12T15:32:34","slug":"company-cars","status":"publish","type":"page","link":"https:\/\/www.garanceaudit.com\/en\/company-cars\/","title":{"rendered":"Company cars"},"content":{"rendered":"\n\t<p>&nbsp;<\/p>\n<p>&nbsp;<\/p>\n<p>&nbsp;<\/p>\n<p>&nbsp;<\/p>\n\t<h2><\/h2>\n\t<p>Are you considering buying a passenger vehicle or utility vehicle, either personally or through the company, and are you wondering about the financing methods: loan, leasing or long-term lease?<\/p>\n<p>Do you want to know the financial impact of this investment on your expenses  \/ operating expenses and need information on the fiscal, social, and legal consequences?<\/p>\n\t<h3>What Garance Audit can do for you<strong><br \/>\n<\/strong><\/h3>\n<p>After having gathered all the information (quotes, financing proposals&#8230;), we analyse them by means of a specific study, which takes into account your personal and professional situation.<\/p>\n<h3><\/h3>\n<h3><\/h3>\n\t<h3>Why Choose Garance Audit?<\/h3>\n<ul>\n<li>We explain the advantages and disadvantages of each formula.<\/li>\n<li>The consequences of each choice: benefit in kind, mileage allowances &#8230;<\/li>\n<li>We provide you with a report highlighting the best solution.<\/li>\n<\/ul>\n\t<h3>\nWe help you optimize your fleet of business vehicles<\/h3>\n<p>We provide you with accurate and precise simulations on the different possibilities available to you.<\/p>\n<p>You can choose the best formula both from both a personal and professional point of view.<\/p>\n<p>You adopt the best strategy in respect of tax and social-charges.<\/p>\n\t\t\t<a href=\"https:\/\/www.garanceaudit.com\/en\/contact\/\" target=\"_self\" role=\"button\" rel=\"noopener noreferrer\">\n\t\t\t\t\t\t\tCONTACT US FOR A PERSONALISED OFFER\n\t\t\t\t\t<\/a>\n","protected":false},"excerpt":{"rendered":"<p>&nbsp; &nbsp; &nbsp; &nbsp; Are you considering buying a passenger vehicle or utility vehicle, either personally or through the company, and are you wondering about the financing methods: loan, leasing or long-term lease? Do you want to know the financial impact of this investment on your expenses \/ operating expenses and need information on the&hellip;<\/p>\n","protected":false},"author":3,"featured_media":0,"parent":0,"menu_order":0,"comment_status":"closed","ping_status":"closed","template":"","meta":[],"yoast_head":"<!-- This site is optimized with the Yoast SEO plugin v21.8 - https:\/\/yoast.com\/wordpress\/plugins\/seo\/ -->\n<title>Company cars - Garance Audit<\/title>\n<meta name=\"robots\" content=\"index, follow, max-snippet:-1, max-image-preview:large, max-video-preview:-1\" \/>\n<link rel=\"canonical\" href=\"https:\/\/www.garanceaudit.com\/en\/company-cars\/\" \/>\n<meta property=\"og:locale\" content=\"en_US\" \/>\n<meta property=\"og:type\" content=\"article\" \/>\n<meta property=\"og:title\" content=\"Company cars - Garance Audit\" \/>\n<meta property=\"og:description\" content=\"&nbsp; &nbsp; &nbsp; &nbsp; Are you considering buying a passenger vehicle or utility vehicle, either personally or through the company, and are you wondering about the financing methods: loan, leasing or long-term lease? Do you want to know the financial impact of this investment on your expenses \/ operating expenses and need information on the&hellip;\" \/>\n<meta property=\"og:url\" content=\"https:\/\/www.garanceaudit.com\/en\/company-cars\/\" \/>\n<meta property=\"og:site_name\" content=\"Garance Audit\" \/>\n<meta property=\"article:modified_time\" content=\"2019-12-12T15:32:34+00:00\" \/>\n<meta name=\"twitter:card\" content=\"summary_large_image\" \/>\n<meta name=\"twitter:label1\" content=\"Est. reading time\" \/>\n\t<meta name=\"twitter:data1\" content=\"1 minute\" \/>\n<script type=\"application\/ld+json\" class=\"yoast-schema-graph\">{\"@context\":\"https:\/\/schema.org\",\"@graph\":[{\"@type\":\"WebPage\",\"@id\":\"https:\/\/www.garanceaudit.com\/en\/company-cars\/\",\"url\":\"https:\/\/www.garanceaudit.com\/en\/company-cars\/\",\"name\":\"Company cars - Garance Audit\",\"isPartOf\":{\"@id\":\"https:\/\/www.garanceaudit.com\/#website\"},\"datePublished\":\"2019-12-02T16:17:49+00:00\",\"dateModified\":\"2019-12-12T15:32:34+00:00\",\"breadcrumb\":{\"@id\":\"https:\/\/www.garanceaudit.com\/en\/company-cars\/#breadcrumb\"},\"inLanguage\":\"en-US\",\"potentialAction\":[{\"@type\":\"ReadAction\",\"target\":[\"https:\/\/www.garanceaudit.com\/en\/company-cars\/\"]}]},{\"@type\":\"BreadcrumbList\",\"@id\":\"https:\/\/www.garanceaudit.com\/en\/company-cars\/#breadcrumb\",\"itemListElement\":[{\"@type\":\"ListItem\",\"position\":1,\"name\":\"Accueil\",\"item\":\"https:\/\/www.garanceaudit.com\/en\/\"},{\"@type\":\"ListItem\",\"position\":2,\"name\":\"Company cars\"}]},{\"@type\":\"WebSite\",\"@id\":\"https:\/\/www.garanceaudit.com\/#website\",\"url\":\"https:\/\/www.garanceaudit.com\/\",\"name\":\"Garance Audit\",\"description\":\"Cabinet comptable sp\u00e9cialis\u00e9 dans l&#039;industrie cin\u00e9matographique\",\"potentialAction\":[{\"@type\":\"SearchAction\",\"target\":{\"@type\":\"EntryPoint\",\"urlTemplate\":\"https:\/\/www.garanceaudit.com\/?s={search_term_string}\"},\"query-input\":\"required name=search_term_string\"}],\"inLanguage\":\"en-US\"}]}<\/script>\n<!-- \/ Yoast SEO plugin. -->","yoast_head_json":{"title":"Company cars - Garance Audit","robots":{"index":"index","follow":"follow","max-snippet":"max-snippet:-1","max-image-preview":"max-image-preview:large","max-video-preview":"max-video-preview:-1"},"canonical":"https:\/\/www.garanceaudit.com\/en\/company-cars\/","og_locale":"en_US","og_type":"article","og_title":"Company cars - Garance Audit","og_description":"&nbsp; &nbsp; &nbsp; &nbsp; Are you considering buying a passenger vehicle or utility vehicle, either personally or through the company, and are you wondering about the financing methods: loan, leasing or long-term lease? Do you want to know the financial impact of this investment on your expenses \/ operating expenses and need information on the&hellip;","og_url":"https:\/\/www.garanceaudit.com\/en\/company-cars\/","og_site_name":"Garance Audit","article_modified_time":"2019-12-12T15:32:34+00:00","twitter_card":"summary_large_image","twitter_misc":{"Est. reading time":"1 minute"},"schema":{"@context":"https:\/\/schema.org","@graph":[{"@type":"WebPage","@id":"https:\/\/www.garanceaudit.com\/en\/company-cars\/","url":"https:\/\/www.garanceaudit.com\/en\/company-cars\/","name":"Company cars - Garance Audit","isPartOf":{"@id":"https:\/\/www.garanceaudit.com\/#website"},"datePublished":"2019-12-02T16:17:49+00:00","dateModified":"2019-12-12T15:32:34+00:00","breadcrumb":{"@id":"https:\/\/www.garanceaudit.com\/en\/company-cars\/#breadcrumb"},"inLanguage":"en-US","potentialAction":[{"@type":"ReadAction","target":["https:\/\/www.garanceaudit.com\/en\/company-cars\/"]}]},{"@type":"BreadcrumbList","@id":"https:\/\/www.garanceaudit.com\/en\/company-cars\/#breadcrumb","itemListElement":[{"@type":"ListItem","position":1,"name":"Accueil","item":"https:\/\/www.garanceaudit.com\/en\/"},{"@type":"ListItem","position":2,"name":"Company cars"}]},{"@type":"WebSite","@id":"https:\/\/www.garanceaudit.com\/#website","url":"https:\/\/www.garanceaudit.com\/","name":"Garance Audit","description":"Cabinet comptable sp\u00e9cialis\u00e9 dans l&#039;industrie cin\u00e9matographique","potentialAction":[{"@type":"SearchAction","target":{"@type":"EntryPoint","urlTemplate":"https:\/\/www.garanceaudit.com\/?s={search_term_string}"},"query-input":"required name=search_term_string"}],"inLanguage":"en-US"}]}},"_links":{"self":[{"href":"https:\/\/www.garanceaudit.com\/en\/wp-json\/wp\/v2\/pages\/543"}],"collection":[{"href":"https:\/\/www.garanceaudit.com\/en\/wp-json\/wp\/v2\/pages"}],"about":[{"href":"https:\/\/www.garanceaudit.com\/en\/wp-json\/wp\/v2\/types\/page"}],"author":[{"embeddable":true,"href":"https:\/\/www.garanceaudit.com\/en\/wp-json\/wp\/v2\/users\/3"}],"replies":[{"embeddable":true,"href":"https:\/\/www.garanceaudit.com\/en\/wp-json\/wp\/v2\/comments?post=543"}],"version-history":[{"count":0,"href":"https:\/\/www.garanceaudit.com\/en\/wp-json\/wp\/v2\/pages\/543\/revisions"}],"wp:attachment":[{"href":"https:\/\/www.garanceaudit.com\/en\/wp-json\/wp\/v2\/media?parent=543"}],"curies":[{"name":"wp","href":"https:\/\/api.w.org\/{rel}","templated":true}]}}