{"id":565,"date":"2019-12-03T10:41:40","date_gmt":"2019-12-03T09:41:40","guid":{"rendered":"https:\/\/www.garanceaudit.com\/participation-and-interessement-profit-share-schemes\/"},"modified":"2019-12-12T16:30:33","modified_gmt":"2019-12-12T15:30:33","slug":"participation-and-interessement-profit-share-schemes","status":"publish","type":"page","link":"https:\/\/www.garanceaudit.com\/en\/participation-and-interessement-profit-share-schemes\/","title":{"rendered":"&#8220;Participation&#8221; and &#8220;Int\u00e9ressement&#8221; Profit share schemes"},"content":{"rendered":"\n\t<p>&nbsp;<\/p>\n<p>&nbsp;<\/p>\n<p>&nbsp;<\/p>\n<p>&nbsp;<\/p>\n\t<h2><\/h2>\n\t<p>Do you want to motivate your employees by providing a profit share scheme?<\/p>\n<p>Do you wish to consider setting up a project or performance-based bonus scheme?<\/p>\n<p>You have to pay out the legal &#8220;Participation&#8221; profit share but don&#8217;t know the obligatory calculation and distribution methods?<\/p>\n\t<h3>What Garance Audit can do for you<strong><br \/>\n<\/strong><\/h3>\n<p>We inform you as to your legal obligations.<\/p>\n<p>We explain the strategic and financial interest of \u201cparticipation\u201d and \u201cint\u00e9ressement\u201d profit-sharing schemes.<\/p>\n<h3><\/h3>\n<h3><\/h3>\n\t<h3>Why Choose Garance Audit?<\/h3>\n<ul>\n<li>We assist you in drawing up agreements that comply with regulations.<\/li>\n<li>We help you calculate the amounts due under these collective agreements.<\/li>\n<\/ul>\n\t<h3>Whether you choose a \u201cparticipation\u201d or \u201cint\u00e9ressement\u201d profit-sharing scheme, your employees receive an incentive based on company profits.<\/h3>\n<p>&nbsp;<\/p>\n<p>We bring you serenity as regards the respect of your legal obligations.<\/p>\n<p>We optimise any tax benefits available within the framework of these schemes and give assistance with the complex calculations.<\/p>\n\t\t\t<a href=\"https:\/\/www.garanceaudit.com\/en\/contact\/\" target=\"_self\" role=\"button\" rel=\"noopener noreferrer\">\n\t\t\t\t\t\t\tCONTACT US FOR A PERSONALISED OFFER\n\t\t\t\t\t<\/a>\n","protected":false},"excerpt":{"rendered":"<p>&nbsp; &nbsp; &nbsp; &nbsp; Do you want to motivate your employees by providing a profit share scheme? Do you wish to consider setting up a project or performance-based bonus scheme? You have to pay out the legal &#8220;Participation&#8221; profit share but don&#8217;t know the obligatory calculation and distribution methods? What Garance Audit can do for&hellip;<\/p>\n","protected":false},"author":3,"featured_media":0,"parent":0,"menu_order":0,"comment_status":"closed","ping_status":"closed","template":"","meta":[],"yoast_head":"<!-- This site is optimized with the Yoast SEO plugin v21.8 - https:\/\/yoast.com\/wordpress\/plugins\/seo\/ -->\n<title>&quot;Participation&quot; and &quot;Int\u00e9ressement&quot; Profit share schemes - Garance Audit<\/title>\n<meta name=\"robots\" content=\"index, follow, max-snippet:-1, max-image-preview:large, max-video-preview:-1\" \/>\n<link rel=\"canonical\" href=\"https:\/\/www.garanceaudit.com\/en\/participation-and-interessement-profit-share-schemes\/\" \/>\n<meta property=\"og:locale\" content=\"en_US\" \/>\n<meta property=\"og:type\" content=\"article\" \/>\n<meta property=\"og:title\" content=\"&quot;Participation&quot; and &quot;Int\u00e9ressement&quot; Profit share schemes - Garance Audit\" \/>\n<meta property=\"og:description\" content=\"&nbsp; &nbsp; &nbsp; &nbsp; Do you want to motivate your employees by providing a profit share scheme? Do you wish to consider setting up a project or performance-based bonus scheme? You have to pay out the legal &#8220;Participation&#8221; profit share but don&#8217;t know the obligatory calculation and distribution methods? What Garance Audit can do for&hellip;\" \/>\n<meta property=\"og:url\" content=\"https:\/\/www.garanceaudit.com\/en\/participation-and-interessement-profit-share-schemes\/\" \/>\n<meta property=\"og:site_name\" content=\"Garance Audit\" \/>\n<meta property=\"article:modified_time\" content=\"2019-12-12T15:30:33+00:00\" \/>\n<meta name=\"twitter:card\" content=\"summary_large_image\" \/>\n<meta name=\"twitter:label1\" content=\"Est. reading time\" \/>\n\t<meta name=\"twitter:data1\" content=\"1 minute\" \/>\n<script type=\"application\/ld+json\" class=\"yoast-schema-graph\">{\"@context\":\"https:\/\/schema.org\",\"@graph\":[{\"@type\":\"WebPage\",\"@id\":\"https:\/\/www.garanceaudit.com\/en\/participation-and-interessement-profit-share-schemes\/\",\"url\":\"https:\/\/www.garanceaudit.com\/en\/participation-and-interessement-profit-share-schemes\/\",\"name\":\"\\\"Participation\\\" and \\\"Int\u00e9ressement\\\" Profit share schemes - Garance Audit\",\"isPartOf\":{\"@id\":\"https:\/\/www.garanceaudit.com\/#website\"},\"datePublished\":\"2019-12-03T09:41:40+00:00\",\"dateModified\":\"2019-12-12T15:30:33+00:00\",\"breadcrumb\":{\"@id\":\"https:\/\/www.garanceaudit.com\/en\/participation-and-interessement-profit-share-schemes\/#breadcrumb\"},\"inLanguage\":\"en-US\",\"potentialAction\":[{\"@type\":\"ReadAction\",\"target\":[\"https:\/\/www.garanceaudit.com\/en\/participation-and-interessement-profit-share-schemes\/\"]}]},{\"@type\":\"BreadcrumbList\",\"@id\":\"https:\/\/www.garanceaudit.com\/en\/participation-and-interessement-profit-share-schemes\/#breadcrumb\",\"itemListElement\":[{\"@type\":\"ListItem\",\"position\":1,\"name\":\"Accueil\",\"item\":\"https:\/\/www.garanceaudit.com\/en\/\"},{\"@type\":\"ListItem\",\"position\":2,\"name\":\"&#8220;Participation&#8221; and &#8220;Int\u00e9ressement&#8221; Profit share schemes\"}]},{\"@type\":\"WebSite\",\"@id\":\"https:\/\/www.garanceaudit.com\/#website\",\"url\":\"https:\/\/www.garanceaudit.com\/\",\"name\":\"Garance Audit\",\"description\":\"Cabinet comptable sp\u00e9cialis\u00e9 dans l&#039;industrie cin\u00e9matographique\",\"potentialAction\":[{\"@type\":\"SearchAction\",\"target\":{\"@type\":\"EntryPoint\",\"urlTemplate\":\"https:\/\/www.garanceaudit.com\/?s={search_term_string}\"},\"query-input\":\"required name=search_term_string\"}],\"inLanguage\":\"en-US\"}]}<\/script>\n<!-- \/ Yoast SEO plugin. -->","yoast_head_json":{"title":"\"Participation\" and \"Int\u00e9ressement\" Profit share schemes - Garance Audit","robots":{"index":"index","follow":"follow","max-snippet":"max-snippet:-1","max-image-preview":"max-image-preview:large","max-video-preview":"max-video-preview:-1"},"canonical":"https:\/\/www.garanceaudit.com\/en\/participation-and-interessement-profit-share-schemes\/","og_locale":"en_US","og_type":"article","og_title":"\"Participation\" and \"Int\u00e9ressement\" Profit share schemes - Garance Audit","og_description":"&nbsp; &nbsp; &nbsp; &nbsp; Do you want to motivate your employees by providing a profit share scheme? Do you wish to consider setting up a project or performance-based bonus scheme? You have to pay out the legal &#8220;Participation&#8221; profit share but don&#8217;t know the obligatory calculation and distribution methods? What Garance Audit can do for&hellip;","og_url":"https:\/\/www.garanceaudit.com\/en\/participation-and-interessement-profit-share-schemes\/","og_site_name":"Garance Audit","article_modified_time":"2019-12-12T15:30:33+00:00","twitter_card":"summary_large_image","twitter_misc":{"Est. reading time":"1 minute"},"schema":{"@context":"https:\/\/schema.org","@graph":[{"@type":"WebPage","@id":"https:\/\/www.garanceaudit.com\/en\/participation-and-interessement-profit-share-schemes\/","url":"https:\/\/www.garanceaudit.com\/en\/participation-and-interessement-profit-share-schemes\/","name":"\"Participation\" and \"Int\u00e9ressement\" Profit share schemes - Garance Audit","isPartOf":{"@id":"https:\/\/www.garanceaudit.com\/#website"},"datePublished":"2019-12-03T09:41:40+00:00","dateModified":"2019-12-12T15:30:33+00:00","breadcrumb":{"@id":"https:\/\/www.garanceaudit.com\/en\/participation-and-interessement-profit-share-schemes\/#breadcrumb"},"inLanguage":"en-US","potentialAction":[{"@type":"ReadAction","target":["https:\/\/www.garanceaudit.com\/en\/participation-and-interessement-profit-share-schemes\/"]}]},{"@type":"BreadcrumbList","@id":"https:\/\/www.garanceaudit.com\/en\/participation-and-interessement-profit-share-schemes\/#breadcrumb","itemListElement":[{"@type":"ListItem","position":1,"name":"Accueil","item":"https:\/\/www.garanceaudit.com\/en\/"},{"@type":"ListItem","position":2,"name":"&#8220;Participation&#8221; and &#8220;Int\u00e9ressement&#8221; Profit share schemes"}]},{"@type":"WebSite","@id":"https:\/\/www.garanceaudit.com\/#website","url":"https:\/\/www.garanceaudit.com\/","name":"Garance Audit","description":"Cabinet comptable sp\u00e9cialis\u00e9 dans l&#039;industrie cin\u00e9matographique","potentialAction":[{"@type":"SearchAction","target":{"@type":"EntryPoint","urlTemplate":"https:\/\/www.garanceaudit.com\/?s={search_term_string}"},"query-input":"required name=search_term_string"}],"inLanguage":"en-US"}]}},"_links":{"self":[{"href":"https:\/\/www.garanceaudit.com\/en\/wp-json\/wp\/v2\/pages\/565"}],"collection":[{"href":"https:\/\/www.garanceaudit.com\/en\/wp-json\/wp\/v2\/pages"}],"about":[{"href":"https:\/\/www.garanceaudit.com\/en\/wp-json\/wp\/v2\/types\/page"}],"author":[{"embeddable":true,"href":"https:\/\/www.garanceaudit.com\/en\/wp-json\/wp\/v2\/users\/3"}],"replies":[{"embeddable":true,"href":"https:\/\/www.garanceaudit.com\/en\/wp-json\/wp\/v2\/comments?post=565"}],"version-history":[{"count":0,"href":"https:\/\/www.garanceaudit.com\/en\/wp-json\/wp\/v2\/pages\/565\/revisions"}],"wp:attachment":[{"href":"https:\/\/www.garanceaudit.com\/en\/wp-json\/wp\/v2\/media?parent=565"}],"curies":[{"name":"wp","href":"https:\/\/api.w.org\/{rel}","templated":true}]}}